{"id":56,"date":"2023-01-27T10:19:39","date_gmt":"2023-01-27T10:19:39","guid":{"rendered":"https:\/\/elegant-yonath.51-15-217-141.plesk.page\/mon-compte\/"},"modified":"2023-03-30T15:06:23","modified_gmt":"2023-03-30T15:06:23","slug":"il-mio-conto","status":"publish","type":"page","link":"https:\/\/sushi-robots.eu\/it\/mon-compte\/","title":{"rendered":"Il mio account"},"content":{"rendered":"<div data-elementor-type=\"wp-page\" data-elementor-id=\"56\" class=\"elementor elementor-56\" data-elementor-settings=\"{&quot;ha_cmc_init_switcher&quot;:&quot;no&quot;}\" data-elementor-post-type=\"page\">\n\t\t\t\t<div class=\"elementor-element elementor-element-49c99d5 e-flex e-con-boxed e-con e-parent\" data-id=\"49c99d5\" data-element_type=\"container\" data-e-type=\"container\">\n\t\t\t\t\t<div class=\"e-con-inner\">\n\t\t\t\t<div class=\"elementor-element elementor-element-d7969f9 elementor-widget elementor-widget-heading\" data-id=\"d7969f9\" data-element_type=\"widget\" data-e-type=\"widget\" data-widget_type=\"heading.default\">\n\t\t\t\t<div class=\"elementor-widget-container\">\n\t\t\t\t\t<h2 class=\"elementor-heading-title elementor-size-default\">Il mio account<\/h2>\t\t\t\t<\/div>\n\t\t\t\t<\/div>\n\t\t\t\t<div class=\"elementor-element elementor-element-9f64ba0 elementor-widget-divider--view-line elementor-widget elementor-widget-divider\" data-id=\"9f64ba0\" data-element_type=\"widget\" data-e-type=\"widget\" data-widget_type=\"divider.default\">\n\t\t\t\t<div class=\"elementor-widget-container\">\n\t\t\t\t\t\t\t<div class=\"elementor-divider\">\n\t\t\t<span class=\"elementor-divider-separator\">\n\t\t\t\t\t\t<\/span>\n\t\t<\/div>\n\t\t\t\t\t\t<\/div>\n\t\t\t\t<\/div>\n\t\t\t\t\t<\/div>\n\t\t\t\t<\/div>\n\t\t<div class=\"elementor-element elementor-element-dda5c1f e-flex e-con-boxed e-con e-parent\" data-id=\"dda5c1f\" data-element_type=\"container\" data-e-type=\"container\">\n\t\t\t\t\t<div class=\"e-con-inner\">\n\t\t\t\t\t<\/div>\n\t\t\t\t<\/div>\n\t\t\t\t<\/div>","protected":false},"excerpt":{"rendered":"<p>Mon compte [[woocommerce_my_account]] Tableau de bord Commandes T\u00e9l\u00e9chargements Adresses D\u00e9tails du compte D\u00e9connexion Bonjour admin (vous n\u2019\u00eates pas admin\u00a0? D\u00e9connexion) \u00c0 partir du tableau de bord de votre compte, vous pouvez visualiser vos commandes r\u00e9centes, g\u00e9rer vos adresses de livraison et de facturation ainsi que changer votre mot de passe et les d\u00e9tails de votre [&hellip;]<\/p>\n","protected":false},"author":1,"featured_media":0,"parent":0,"menu_order":0,"comment_status":"closed","ping_status":"closed","template":"","meta":{"_acf_changed":false,"footnotes":""},"class_list":["post-56","page","type-page","status-publish","hentry"],"acf":[],"yoast_head":"<!-- This site is optimized with the Yoast SEO plugin v27.4 - https:\/\/yoast.com\/product\/yoast-seo-wordpress\/ -->\n<title>Mon compte - Sushi Robots<\/title>\n<meta name=\"robots\" content=\"index, follow, max-snippet:-1, max-image-preview:large, max-video-preview:-1\" \/>\n<link rel=\"canonical\" href=\"https:\/\/sushi-robots.eu\/it\/il-mio-conto\/\" \/>\n<meta property=\"og:locale\" content=\"it_IT\" \/>\n<meta property=\"og:type\" content=\"article\" \/>\n<meta property=\"og:title\" content=\"Mon compte - Sushi Robots\" \/>\n<meta property=\"og:description\" content=\"Mon compte [[woocommerce_my_account]] Tableau de bord Commandes T\u00e9l\u00e9chargements Adresses D\u00e9tails du compte D\u00e9connexion Bonjour admin (vous n\u2019\u00eates pas admin\u00a0? D\u00e9connexion) \u00c0 partir du tableau de bord de votre compte, vous pouvez visualiser vos commandes r\u00e9centes, g\u00e9rer vos adresses de livraison et de facturation ainsi que changer votre mot de passe et les d\u00e9tails de votre [&hellip;]\" \/>\n<meta property=\"og:url\" content=\"https:\/\/sushi-robots.eu\/it\/il-mio-conto\/\" \/>\n<meta property=\"og:site_name\" content=\"Sushi Robots\" \/>\n<meta property=\"article:modified_time\" content=\"2023-03-30T15:06:23+00:00\" \/>\n<meta name=\"twitter:card\" content=\"summary_large_image\" \/>\n<meta name=\"twitter:label1\" content=\"Tempo di lettura stimato\" \/>\n\t<meta name=\"twitter:data1\" content=\"1 minuto\" \/>\n<script type=\"application\/ld+json\" class=\"yoast-schema-graph\">{\"@context\":\"https:\\\/\\\/schema.org\",\"@graph\":[{\"@type\":\"WebPage\",\"@id\":\"https:\\\/\\\/sushi-robots.eu\\\/mon-compte\\\/\",\"url\":\"https:\\\/\\\/sushi-robots.eu\\\/mon-compte\\\/\",\"name\":\"Mon compte - Sushi Robots\",\"isPartOf\":{\"@id\":\"https:\\\/\\\/sushi-robots.eu\\\/#website\"},\"datePublished\":\"2023-01-27T10:19:39+00:00\",\"dateModified\":\"2023-03-30T15:06:23+00:00\",\"breadcrumb\":{\"@id\":\"https:\\\/\\\/sushi-robots.eu\\\/mon-compte\\\/#breadcrumb\"},\"inLanguage\":\"it-IT\",\"potentialAction\":[{\"@type\":\"ReadAction\",\"target\":[\"https:\\\/\\\/sushi-robots.eu\\\/mon-compte\\\/\"]}]},{\"@type\":\"BreadcrumbList\",\"@id\":\"https:\\\/\\\/sushi-robots.eu\\\/mon-compte\\\/#breadcrumb\",\"itemListElement\":[{\"@type\":\"ListItem\",\"position\":1,\"name\":\"Accueil\",\"item\":\"https:\\\/\\\/sushi-robots.eu\\\/\"},{\"@type\":\"ListItem\",\"position\":2,\"name\":\"Mon compte\"}]},{\"@type\":\"WebSite\",\"@id\":\"https:\\\/\\\/sushi-robots.eu\\\/#website\",\"url\":\"https:\\\/\\\/sushi-robots.eu\\\/\",\"name\":\"Sushi Robots\",\"description\":\"\",\"publisher\":{\"@id\":\"https:\\\/\\\/sushi-robots.eu\\\/#organization\"},\"potentialAction\":[{\"@type\":\"SearchAction\",\"target\":{\"@type\":\"EntryPoint\",\"urlTemplate\":\"https:\\\/\\\/sushi-robots.eu\\\/?s={search_term_string}\"},\"query-input\":{\"@type\":\"PropertyValueSpecification\",\"valueRequired\":true,\"valueName\":\"search_term_string\"}}],\"inLanguage\":\"it-IT\"},{\"@type\":\"Organization\",\"@id\":\"https:\\\/\\\/sushi-robots.eu\\\/#organization\",\"name\":\"Sushi Robots\",\"url\":\"https:\\\/\\\/sushi-robots.eu\\\/\",\"logo\":{\"@type\":\"ImageObject\",\"inLanguage\":\"it-IT\",\"@id\":\"https:\\\/\\\/sushi-robots.eu\\\/#\\\/schema\\\/logo\\\/image\\\/\",\"url\":\"https:\\\/\\\/sushi-robots.eu\\\/wp-content\\\/uploads\\\/2023\\\/02\\\/Logo-Sushi-Robots-White-Green-1.png\",\"contentUrl\":\"https:\\\/\\\/sushi-robots.eu\\\/wp-content\\\/uploads\\\/2023\\\/02\\\/Logo-Sushi-Robots-White-Green-1.png\",\"width\":1000,\"height\":337,\"caption\":\"Sushi Robots\"},\"image\":{\"@id\":\"https:\\\/\\\/sushi-robots.eu\\\/#\\\/schema\\\/logo\\\/image\\\/\"}}]}<\/script>\n<!-- \/ Yoast SEO plugin. -->","yoast_head_json":{"title":"Il mio account - Sushi Robots","robots":{"index":"index","follow":"follow","max-snippet":"max-snippet:-1","max-image-preview":"max-image-preview:large","max-video-preview":"max-video-preview:-1"},"canonical":"https:\/\/sushi-robots.eu\/it\/il-mio-conto\/","og_locale":"it_IT","og_type":"article","og_title":"Mon compte - Sushi Robots","og_description":"Mon compte [[woocommerce_my_account]] Tableau de bord Commandes T\u00e9l\u00e9chargements Adresses D\u00e9tails du compte D\u00e9connexion Bonjour admin (vous n\u2019\u00eates pas admin\u00a0? D\u00e9connexion) \u00c0 partir du tableau de bord de votre compte, vous pouvez visualiser vos commandes r\u00e9centes, g\u00e9rer vos adresses de livraison et de facturation ainsi que changer votre mot de passe et les d\u00e9tails de votre [&hellip;]","og_url":"https:\/\/sushi-robots.eu\/it\/il-mio-conto\/","og_site_name":"Sushi Robots","article_modified_time":"2023-03-30T15:06:23+00:00","twitter_card":"summary_large_image","twitter_misc":{"Tempo di lettura stimato":"1 minuto"},"schema":{"@context":"https:\/\/schema.org","@graph":[{"@type":"WebPage","@id":"https:\/\/sushi-robots.eu\/mon-compte\/","url":"https:\/\/sushi-robots.eu\/mon-compte\/","name":"Il mio account - Sushi Robots","isPartOf":{"@id":"https:\/\/sushi-robots.eu\/#website"},"datePublished":"2023-01-27T10:19:39+00:00","dateModified":"2023-03-30T15:06:23+00:00","breadcrumb":{"@id":"https:\/\/sushi-robots.eu\/mon-compte\/#breadcrumb"},"inLanguage":"it-IT","potentialAction":[{"@type":"ReadAction","target":["https:\/\/sushi-robots.eu\/mon-compte\/"]}]},{"@type":"BreadcrumbList","@id":"https:\/\/sushi-robots.eu\/mon-compte\/#breadcrumb","itemListElement":[{"@type":"ListItem","position":1,"name":"Accueil","item":"https:\/\/sushi-robots.eu\/"},{"@type":"ListItem","position":2,"name":"Mon compte"}]},{"@type":"WebSite","@id":"https:\/\/sushi-robots.eu\/#website","url":"https:\/\/sushi-robots.eu\/","name":"Robot del sushi","description":"","publisher":{"@id":"https:\/\/sushi-robots.eu\/#organization"},"potentialAction":[{"@type":"SearchAction","target":{"@type":"EntryPoint","urlTemplate":"https:\/\/sushi-robots.eu\/?s={search_term_string}"},"query-input":{"@type":"PropertyValueSpecification","valueRequired":true,"valueName":"search_term_string"}}],"inLanguage":"it-IT"},{"@type":"Organization","@id":"https:\/\/sushi-robots.eu\/#organization","name":"Robot del sushi","url":"https:\/\/sushi-robots.eu\/","logo":{"@type":"ImageObject","inLanguage":"it-IT","@id":"https:\/\/sushi-robots.eu\/#\/schema\/logo\/image\/","url":"https:\/\/sushi-robots.eu\/wp-content\/uploads\/2023\/02\/Logo-Sushi-Robots-White-Green-1.png","contentUrl":"https:\/\/sushi-robots.eu\/wp-content\/uploads\/2023\/02\/Logo-Sushi-Robots-White-Green-1.png","width":1000,"height":337,"caption":"Sushi Robots"},"image":{"@id":"https:\/\/sushi-robots.eu\/#\/schema\/logo\/image\/"}}]}},"_links":{"self":[{"href":"https:\/\/sushi-robots.eu\/it\/wp-json\/wp\/v2\/pages\/56","targetHints":{"allow":["GET"]}}],"collection":[{"href":"https:\/\/sushi-robots.eu\/it\/wp-json\/wp\/v2\/pages"}],"about":[{"href":"https:\/\/sushi-robots.eu\/it\/wp-json\/wp\/v2\/types\/page"}],"author":[{"embeddable":true,"href":"https:\/\/sushi-robots.eu\/it\/wp-json\/wp\/v2\/users\/1"}],"replies":[{"embeddable":true,"href":"https:\/\/sushi-robots.eu\/it\/wp-json\/wp\/v2\/comments?post=56"}],"version-history":[{"count":15,"href":"https:\/\/sushi-robots.eu\/it\/wp-json\/wp\/v2\/pages\/56\/revisions"}],"predecessor-version":[{"id":1762,"href":"https:\/\/sushi-robots.eu\/it\/wp-json\/wp\/v2\/pages\/56\/revisions\/1762"}],"wp:attachment":[{"href":"https:\/\/sushi-robots.eu\/it\/wp-json\/wp\/v2\/media?parent=56"}],"curies":[{"name":"wp","href":"https:\/\/api.w.org\/{rel}","templated":true}]}}