{"id":68,"date":"2023-02-02T09:45:48","date_gmt":"2023-02-02T09:45:48","guid":{"rendered":"https:\/\/elegant-yonath.51-15-217-141.plesk.page\/?page_id=68"},"modified":"2025-01-07T17:00:09","modified_gmt":"2025-01-07T16:00:09","slug":"soluzioni-aziendali","status":"publish","type":"page","link":"https:\/\/sushi-robots.eu\/it\/solutions-metiers\/","title":{"rendered":"Soluzioni aziendali"},"content":{"rendered":"<div data-elementor-type=\"wp-page\" data-elementor-id=\"68\" class=\"elementor elementor-68\" data-elementor-settings=\"{&quot;ha_cmc_init_switcher&quot;:&quot;no&quot;}\" data-elementor-post-type=\"page\">\n\t\t\t\t<div class=\"elementor-element elementor-element-b64be9a e-flex e-con-boxed e-con e-parent\" data-id=\"b64be9a\" data-element_type=\"container\" data-e-type=\"container\">\n\t\t\t\t\t<div class=\"e-con-inner\">\n\t\t\t\t<div class=\"elementor-element elementor-element-ced9aba elementor-widget elementor-widget-heading\" data-id=\"ced9aba\" data-element_type=\"widget\" data-e-type=\"widget\" data-widget_type=\"heading.default\">\n\t\t\t\t<div class=\"elementor-widget-container\">\n\t\t\t\t\t<h2 class=\"elementor-heading-title elementor-size-default\">Soluzioni e prodotti aziendali<\/h2>\t\t\t\t<\/div>\n\t\t\t\t<\/div>\n\t\t\t\t<div class=\"elementor-element elementor-element-14857ad elementor-widget-divider--view-line elementor-widget elementor-widget-divider\" data-id=\"14857ad\" data-element_type=\"widget\" data-e-type=\"widget\" data-widget_type=\"divider.default\">\n\t\t\t\t<div class=\"elementor-widget-container\">\n\t\t\t\t\t\t\t<div class=\"elementor-divider\">\n\t\t\t<span class=\"elementor-divider-separator\">\n\t\t\t\t\t\t<\/span>\n\t\t<\/div>\n\t\t\t\t\t\t<\/div>\n\t\t\t\t<\/div>\n\t\t\t\t<div class=\"elementor-element elementor-element-3fc4d1c elementor-widget elementor-widget-text-editor\" data-id=\"3fc4d1c\" data-element_type=\"widget\" data-e-type=\"widget\" data-widget_type=\"text-editor.default\">\n\t\t\t\t<div class=\"elementor-widget-container\">\n\t\t\t\t\t\t\t\t\t<p>Scoprite tutti i nostri<strong>attrezzature per macchine da ristorazione giapponesi<\/strong>il <strong>lavare il riso<\/strong> a <strong>cuociriso<\/strong>il <strong>macchina per sushi nigiri<\/strong> o il <strong>macchina maki<\/strong>il <strong>macchina per noodle (Ramen, Udon, Noodles, ecc.)<\/strong>ecc...) al <strong>macchina per gyoza<\/strong>o <strong>macchine per la produzione di gelato giapponese<\/strong>troverete tutte le <strong>macchine professionali per ristoranti giapponesi<\/strong>.<\/p><p>Abbiamo tutte le <strong>soluzioni per macchine e attrezzature<\/strong> per il vostro <strong>Ristorante giapponese<\/strong> cliccando sul vostro universo qui sotto.<\/p><p>Se avete domande specifiche, non esitate a contattarci utilizzando il modulo di contatto presente in ogni area di attivit\u00e0.<\/p>\t\t\t\t\t\t\t\t<\/div>\n\t\t\t\t<\/div>\n\t\t\t\t\t<\/div>\n\t\t\t\t<\/div>\n\t\t<div class=\"elementor-element elementor-element-d240e24 e-flex e-con-boxed e-con e-parent\" data-id=\"d240e24\" data-element_type=\"container\" data-e-type=\"container\">\n\t\t\t\t\t<div class=\"e-con-inner\">\n\t\t\t\t<div class=\"elementor-element elementor-element-239c465 elementor-widget elementor-widget-heading\" data-id=\"239c465\" data-element_type=\"widget\" data-e-type=\"widget\" data-widget_type=\"heading.default\">\n\t\t\t\t<div class=\"elementor-widget-container\">\n\t\t\t\t\t<h2 class=\"elementor-heading-title elementor-size-default\">Tutti i nostri suggerimenti sulle attrezzature per la ristorazione giapponese<\/h2>\t\t\t\t<\/div>\n\t\t\t\t<\/div>\n\t\t\t\t<div class=\"elementor-element elementor-element-c9d2146 elementor-view-default elementor-widget elementor-widget-icon\" data-id=\"c9d2146\" data-element_type=\"widget\" data-e-type=\"widget\" data-widget_type=\"icon.default\">\n\t\t\t\t<div class=\"elementor-widget-container\">\n\t\t\t\t\t\t\t<div class=\"elementor-icon-wrapper\">\n\t\t\t<div class=\"elementor-icon\">\n\t\t\t<i aria-hidden=\"true\" class=\"fas fa-caret-down\"><\/i>\t\t\t<\/div>\n\t\t<\/div>\n\t\t\t\t\t\t<\/div>\n\t\t\t\t<\/div>\n\t\t\t\t\t<\/div>\n\t\t\t\t<\/div>\n\t\t<div class=\"elementor-element elementor-element-894c5ed e-flex e-con-boxed e-con e-parent\" data-id=\"894c5ed\" data-element_type=\"container\" data-e-type=\"container\">\n\t\t\t\t\t<div class=\"e-con-inner\">\n\t\t<div class=\"elementor-element elementor-element-4a42602 e-con-full e-flex e-con e-child\" data-id=\"4a42602\" data-element_type=\"container\" data-e-type=\"container\" data-settings=\"{&quot;background_background&quot;:&quot;classic&quot;}\">\n\t\t\t\t<div class=\"elementor-element elementor-element-2a276c4 elementor-position-top elementor-widget elementor-widget-image-box\" data-id=\"2a276c4\" data-element_type=\"widget\" data-e-type=\"widget\" data-widget_type=\"image-box.default\">\n\t\t\t\t<div class=\"elementor-widget-container\">\n\t\t\t\t\t<div class=\"elementor-image-box-wrapper\"><figure class=\"elementor-image-box-img\"><a href=\"https:\/\/sushi-robots.eu\/it\/ristorante\/\" tabindex=\"-1\"><img fetchpriority=\"high\" decoding=\"async\" width=\"600\" height=\"600\" src=\"https:\/\/sushi-robots.eu\/wp-content\/uploads\/2023\/10\/distributeur-machine-restaurant-japonais-restaurant-asiatique-sushi-robots.jpg\" class=\"attachment-full size-full wp-image-5502\" alt=\"\" srcset=\"https:\/\/sushi-robots.eu\/wp-content\/uploads\/2023\/10\/distributeur-machine-restaurant-japonais-restaurant-asiatique-sushi-robots.jpg 600w, https:\/\/sushi-robots.eu\/wp-content\/uploads\/2023\/10\/m1309kFF-distributeur-machine-restaurant-japonais-restaurant-asiatique-sushi-robots-300x300.jpg 300w, https:\/\/sushi-robots.eu\/wp-content\/uploads\/2023\/10\/distributeur-machine-restaurant-japonais-restaurant-asiatique-sushi-robots-150x150.jpg 150w, https:\/\/sushi-robots.eu\/wp-content\/uploads\/2023\/10\/distributeur-machine-restaurant-japonais-restaurant-asiatique-sushi-robots-12x12.jpg 12w, https:\/\/sushi-robots.eu\/wp-content\/uploads\/2023\/10\/distributeur-machine-restaurant-japonais-restaurant-asiatique-sushi-robots-100x100.jpg 100w\" sizes=\"(max-width: 600px) 100vw, 600px\" \/><\/a><\/figure><div class=\"elementor-image-box-content\"><h3 class=\"elementor-image-box-title\"><a href=\"https:\/\/sushi-robots.eu\/it\/ristorante\/\">Ristorante<\/a><\/h3><\/div><\/div>\t\t\t\t<\/div>\n\t\t\t\t<\/div>\n\t\t\t\t<\/div>\n\t\t<div class=\"elementor-element elementor-element-925ee3e e-con-full e-flex e-con e-child\" data-id=\"925ee3e\" data-element_type=\"container\" data-e-type=\"container\" data-settings=\"{&quot;background_background&quot;:&quot;classic&quot;}\">\n\t\t\t\t<div class=\"elementor-element elementor-element-6564e9b elementor-position-top elementor-widget elementor-widget-image-box\" data-id=\"6564e9b\" data-element_type=\"widget\" data-e-type=\"widget\" data-widget_type=\"image-box.default\">\n\t\t\t\t<div class=\"elementor-widget-container\">\n\t\t\t\t\t<div class=\"elementor-image-box-wrapper\"><figure class=\"elementor-image-box-img\"><a href=\"https:\/\/sushi-robots.eu\/it\/gms\/\" tabindex=\"-1\"><img decoding=\"async\" width=\"600\" height=\"600\" src=\"https:\/\/sushi-robots.eu\/wp-content\/uploads\/2023\/10\/distributeur-machine-a-sushis-gms-sushi-robots.jpg\" class=\"attachment-full size-full wp-image-5495\" alt=\"\" srcset=\"https:\/\/sushi-robots.eu\/wp-content\/uploads\/2023\/10\/distributeur-machine-a-sushis-gms-sushi-robots.jpg 600w, https:\/\/sushi-robots.eu\/wp-content\/uploads\/2023\/10\/OezUIFT6-distributeur-machine-a-sushis-gms-sushi-robots-300x300.jpg 300w, https:\/\/sushi-robots.eu\/wp-content\/uploads\/2023\/10\/distributeur-machine-a-sushis-gms-sushi-robots-150x150.jpg 150w, https:\/\/sushi-robots.eu\/wp-content\/uploads\/2023\/10\/distributeur-machine-a-sushis-gms-sushi-robots-12x12.jpg 12w, https:\/\/sushi-robots.eu\/wp-content\/uploads\/2023\/10\/distributeur-machine-a-sushis-gms-sushi-robots-100x100.jpg 100w\" sizes=\"(max-width: 600px) 100vw, 600px\" \/><\/a><\/figure><div class=\"elementor-image-box-content\"><h3 class=\"elementor-image-box-title\"><a href=\"https:\/\/sushi-robots.eu\/it\/gms\/\">Supermercato<\/a><\/h3><\/div><\/div>\t\t\t\t<\/div>\n\t\t\t\t<\/div>\n\t\t\t\t<\/div>\n\t\t<div class=\"elementor-element elementor-element-ebcf08a e-con-full e-flex e-con e-child\" data-id=\"ebcf08a\" data-element_type=\"container\" data-e-type=\"container\" data-settings=\"{&quot;background_background&quot;:&quot;classic&quot;}\">\n\t\t\t\t<div class=\"elementor-element elementor-element-c365451 elementor-position-top elementor-widget elementor-widget-image-box\" data-id=\"c365451\" data-element_type=\"widget\" data-e-type=\"widget\" data-widget_type=\"image-box.default\">\n\t\t\t\t<div class=\"elementor-widget-container\">\n\t\t\t\t\t<div class=\"elementor-image-box-wrapper\"><figure class=\"elementor-image-box-img\"><a href=\"https:\/\/sushi-robots.eu\/it\/cucina-scura\/\" tabindex=\"-1\"><img decoding=\"async\" width=\"600\" height=\"600\" src=\"https:\/\/sushi-robots.eu\/wp-content\/uploads\/2023\/10\/distributeur-machine-cuisine-japonaise-et-cuisine-asiatique-sushi-robots.jpg\" class=\"attachment-full size-full wp-image-5491\" alt=\"\" srcset=\"https:\/\/sushi-robots.eu\/wp-content\/uploads\/2023\/10\/distributeur-machine-cuisine-japonaise-et-cuisine-asiatique-sushi-robots.jpg 600w, https:\/\/sushi-robots.eu\/wp-content\/uploads\/2023\/10\/zuOBaTQN-distributeur-machine-cuisine-japonaise-et-cuisine-asiatique-sushi-robots-300x300.jpg 300w, https:\/\/sushi-robots.eu\/wp-content\/uploads\/2023\/10\/distributeur-machine-cuisine-japonaise-et-cuisine-asiatique-sushi-robots-150x150.jpg 150w, https:\/\/sushi-robots.eu\/wp-content\/uploads\/2023\/10\/distributeur-machine-cuisine-japonaise-et-cuisine-asiatique-sushi-robots-12x12.jpg 12w, https:\/\/sushi-robots.eu\/wp-content\/uploads\/2023\/10\/distributeur-machine-cuisine-japonaise-et-cuisine-asiatique-sushi-robots-100x100.jpg 100w\" sizes=\"(max-width: 600px) 100vw, 600px\" \/><\/a><\/figure><div class=\"elementor-image-box-content\"><h3 class=\"elementor-image-box-title\"><a href=\"https:\/\/sushi-robots.eu\/it\/cucina-scura\/\">Cucina scura<\/a><\/h3><\/div><\/div>\t\t\t\t<\/div>\n\t\t\t\t<\/div>\n\t\t\t\t<\/div>\n\t\t<div class=\"elementor-element elementor-element-6fe7c68 e-con-full e-flex e-con e-child\" data-id=\"6fe7c68\" data-element_type=\"container\" data-e-type=\"container\" data-settings=\"{&quot;background_background&quot;:&quot;classic&quot;}\">\n\t\t\t\t<div class=\"elementor-element elementor-element-cedd70c elementor-position-top elementor-widget elementor-widget-image-box\" data-id=\"cedd70c\" data-element_type=\"widget\" data-e-type=\"widget\" data-widget_type=\"image-box.default\">\n\t\t\t\t<div class=\"elementor-widget-container\">\n\t\t\t\t\t<div class=\"elementor-image-box-wrapper\"><figure class=\"elementor-image-box-img\"><a href=\"https:\/\/sushi-robots.eu\/it\/gyoza\/\" tabindex=\"-1\"><img loading=\"lazy\" decoding=\"async\" width=\"700\" height=\"700\" src=\"https:\/\/sushi-robots.eu\/wp-content\/uploads\/2023\/10\/machine-a-gyosa-sushi-robots.jpg\" class=\"attachment-full size-full wp-image-5757\" alt=\"\" srcset=\"https:\/\/sushi-robots.eu\/wp-content\/uploads\/2023\/10\/machine-a-gyosa-sushi-robots.jpg 700w, https:\/\/sushi-robots.eu\/wp-content\/uploads\/2023\/10\/iqXTKXnL-machine-a-gyosa-sushi-robots-300x300.jpg 300w, https:\/\/sushi-robots.eu\/wp-content\/uploads\/2023\/10\/machine-a-gyosa-sushi-robots-150x150.jpg 150w, https:\/\/sushi-robots.eu\/wp-content\/uploads\/2023\/10\/machine-a-gyosa-sushi-robots-12x12.jpg 12w, https:\/\/sushi-robots.eu\/wp-content\/uploads\/2023\/10\/machine-a-gyosa-sushi-robots-600x600.jpg 600w, https:\/\/sushi-robots.eu\/wp-content\/uploads\/2023\/10\/machine-a-gyosa-sushi-robots-100x100.jpg 100w\" sizes=\"(max-width: 700px) 100vw, 700px\" \/><\/a><\/figure><div class=\"elementor-image-box-content\"><h3 class=\"elementor-image-box-title\"><a href=\"https:\/\/sushi-robots.eu\/it\/gyoza\/\">Gyoza<\/a><\/h3><\/div><\/div>\t\t\t\t<\/div>\n\t\t\t\t<\/div>\n\t\t\t\t<\/div>\n\t\t<div class=\"elementor-element elementor-element-6dc58b9 e-con-full e-flex e-con e-child\" data-id=\"6dc58b9\" data-element_type=\"container\" data-e-type=\"container\" data-settings=\"{&quot;background_background&quot;:&quot;classic&quot;}\">\n\t\t\t\t<div class=\"elementor-element elementor-element-0873e15 elementor-position-top elementor-widget elementor-widget-image-box\" data-id=\"0873e15\" data-element_type=\"widget\" data-e-type=\"widget\" data-widget_type=\"image-box.default\">\n\t\t\t\t<div class=\"elementor-widget-container\">\n\t\t\t\t\t<div class=\"elementor-image-box-wrapper\"><figure class=\"elementor-image-box-img\"><a href=\"https:\/\/sushi-robots.eu\/it\/spaghetti\/\" tabindex=\"-1\"><img loading=\"lazy\" decoding=\"async\" width=\"700\" height=\"700\" src=\"https:\/\/sushi-robots.eu\/wp-content\/uploads\/2023\/05\/machine-a-nouilles-ramen-sushi-robots.jpg\" class=\"attachment-full size-full wp-image-1968\" alt=\"\" srcset=\"https:\/\/sushi-robots.eu\/wp-content\/uploads\/2023\/05\/machine-a-nouilles-ramen-sushi-robots.jpg 700w, https:\/\/sushi-robots.eu\/wp-content\/uploads\/2023\/05\/K0HguXcp-machine-a-nouilles-ramen-sushi-robots-300x300.jpg 300w, https:\/\/sushi-robots.eu\/wp-content\/uploads\/2023\/05\/machine-a-nouilles-ramen-sushi-robots-150x150.jpg 150w, https:\/\/sushi-robots.eu\/wp-content\/uploads\/2023\/05\/machine-a-nouilles-ramen-sushi-robots-12x12.jpg 12w, https:\/\/sushi-robots.eu\/wp-content\/uploads\/2023\/05\/machine-a-nouilles-ramen-sushi-robots-600x600.jpg 600w, https:\/\/sushi-robots.eu\/wp-content\/uploads\/2023\/05\/machine-a-nouilles-ramen-sushi-robots-100x100.jpg 100w\" sizes=\"(max-width: 700px) 100vw, 700px\" \/><\/a><\/figure><div class=\"elementor-image-box-content\"><h3 class=\"elementor-image-box-title\"><a href=\"https:\/\/sushi-robots.eu\/it\/spaghetti\/\">Noodle<\/a><\/h3><\/div><\/div>\t\t\t\t<\/div>\n\t\t\t\t<\/div>\n\t\t\t\t<\/div>\n\t\t\t\t\t<\/div>\n\t\t\t\t<\/div>\n\t\t\t\t<\/div>","protected":false},"excerpt":{"rendered":"<p>Solutions m\u00e9tiers et produits D\u00e9couvrez toutes nos solutions d&rsquo;\u00e9quipement de machines pour la restauration japonaise, de la laveuse de riz au cuiseur de riz, de la machine \u00e0 sushi nigiri ou la machine \u00e0 maki, de la machine \u00e0 nouilles (Ramen, Udon, Noodles, etc &#8230;) \u00e0 la machine \u00e0 gyoza, ou encore les machines pour [&hellip;]<\/p>\n","protected":false},"author":1,"featured_media":0,"parent":0,"menu_order":0,"comment_status":"closed","ping_status":"closed","template":"","meta":{"_acf_changed":false,"footnotes":""},"class_list":["post-68","page","type-page","status-publish","hentry"],"acf":[],"yoast_head":"<!-- This site is optimized with the Yoast SEO plugin v27.3 - https:\/\/yoast.com\/product\/yoast-seo-wordpress\/ -->\n<title>Fournisseur machines restaurant japonais - Sushi Robots<\/title>\n<meta name=\"description\" content=\"Fournisseur europ\u00e9en de machines pour restaurant japonais et restaurant asiatique\" \/>\n<meta name=\"robots\" content=\"index, follow, max-snippet:-1, max-image-preview:large, max-video-preview:-1\" \/>\n<link rel=\"canonical\" href=\"https:\/\/sushi-robots.eu\/it\/soluzioni-aziendali\/\" \/>\n<meta property=\"og:locale\" content=\"it_IT\" \/>\n<meta property=\"og:type\" content=\"article\" \/>\n<meta property=\"og:title\" content=\"Fournisseur machines restaurant japonais - Sushi Robots\" \/>\n<meta property=\"og:description\" content=\"Fournisseur europ\u00e9en de machines pour restaurant japonais et restaurant asiatique\" \/>\n<meta property=\"og:url\" content=\"https:\/\/sushi-robots.eu\/it\/soluzioni-aziendali\/\" \/>\n<meta property=\"og:site_name\" content=\"Sushi Robots\" \/>\n<meta property=\"article:modified_time\" content=\"2025-01-07T16:00:09+00:00\" \/>\n<meta property=\"og:image\" content=\"https:\/\/sushi-robots.eu\/wp-content\/uploads\/2023\/10\/distributeur-machine-restaurant-japonais-restaurant-asiatique-sushi-robots.jpg\" \/>\n\t<meta property=\"og:image:width\" content=\"600\" \/>\n\t<meta property=\"og:image:height\" content=\"600\" \/>\n\t<meta property=\"og:image:type\" content=\"image\/jpeg\" \/>\n<meta name=\"twitter:card\" content=\"summary_large_image\" \/>\n<meta name=\"twitter:label1\" content=\"Tempo di lettura stimato\" \/>\n\t<meta name=\"twitter:data1\" content=\"2 minuti\" \/>\n<script type=\"application\/ld+json\" class=\"yoast-schema-graph\">{\"@context\":\"https:\\\/\\\/schema.org\",\"@graph\":[{\"@type\":\"WebPage\",\"@id\":\"https:\\\/\\\/sushi-robots.eu\\\/solutions-metiers\\\/\",\"url\":\"https:\\\/\\\/sushi-robots.eu\\\/solutions-metiers\\\/\",\"name\":\"Fournisseur machines restaurant japonais - Sushi Robots\",\"isPartOf\":{\"@id\":\"https:\\\/\\\/sushi-robots.eu\\\/#website\"},\"primaryImageOfPage\":{\"@id\":\"https:\\\/\\\/sushi-robots.eu\\\/solutions-metiers\\\/#primaryimage\"},\"image\":{\"@id\":\"https:\\\/\\\/sushi-robots.eu\\\/solutions-metiers\\\/#primaryimage\"},\"thumbnailUrl\":\"https:\\\/\\\/s3.fr-par.scw.cloud\\\/sushi-robots\\\/2023\\\/10\\\/distributeur-machine-restaurant-japonais-restaurant-asiatique-sushi-robots.jpg\",\"datePublished\":\"2023-02-02T09:45:48+00:00\",\"dateModified\":\"2025-01-07T16:00:09+00:00\",\"description\":\"Fournisseur europ\u00e9en de machines pour restaurant japonais et restaurant asiatique\",\"breadcrumb\":{\"@id\":\"https:\\\/\\\/sushi-robots.eu\\\/solutions-metiers\\\/#breadcrumb\"},\"inLanguage\":\"it-IT\",\"potentialAction\":[{\"@type\":\"ReadAction\",\"target\":[\"https:\\\/\\\/sushi-robots.eu\\\/solutions-metiers\\\/\"]}]},{\"@type\":\"ImageObject\",\"inLanguage\":\"it-IT\",\"@id\":\"https:\\\/\\\/sushi-robots.eu\\\/solutions-metiers\\\/#primaryimage\",\"url\":\"https:\\\/\\\/s3.fr-par.scw.cloud\\\/sushi-robots\\\/2023\\\/10\\\/distributeur-machine-restaurant-japonais-restaurant-asiatique-sushi-robots.jpg\",\"contentUrl\":\"https:\\\/\\\/s3.fr-par.scw.cloud\\\/sushi-robots\\\/2023\\\/10\\\/distributeur-machine-restaurant-japonais-restaurant-asiatique-sushi-robots.jpg\"},{\"@type\":\"BreadcrumbList\",\"@id\":\"https:\\\/\\\/sushi-robots.eu\\\/solutions-metiers\\\/#breadcrumb\",\"itemListElement\":[{\"@type\":\"ListItem\",\"position\":1,\"name\":\"Accueil\",\"item\":\"https:\\\/\\\/sushi-robots.eu\\\/\"},{\"@type\":\"ListItem\",\"position\":2,\"name\":\"Solutions m\u00e9tiers\"}]},{\"@type\":\"WebSite\",\"@id\":\"https:\\\/\\\/sushi-robots.eu\\\/#website\",\"url\":\"https:\\\/\\\/sushi-robots.eu\\\/\",\"name\":\"Sushi Robots\",\"description\":\"\",\"publisher\":{\"@id\":\"https:\\\/\\\/sushi-robots.eu\\\/#organization\"},\"potentialAction\":[{\"@type\":\"SearchAction\",\"target\":{\"@type\":\"EntryPoint\",\"urlTemplate\":\"https:\\\/\\\/sushi-robots.eu\\\/?s={search_term_string}\"},\"query-input\":{\"@type\":\"PropertyValueSpecification\",\"valueRequired\":true,\"valueName\":\"search_term_string\"}}],\"inLanguage\":\"it-IT\"},{\"@type\":\"Organization\",\"@id\":\"https:\\\/\\\/sushi-robots.eu\\\/#organization\",\"name\":\"Sushi Robots\",\"url\":\"https:\\\/\\\/sushi-robots.eu\\\/\",\"logo\":{\"@type\":\"ImageObject\",\"inLanguage\":\"it-IT\",\"@id\":\"https:\\\/\\\/sushi-robots.eu\\\/#\\\/schema\\\/logo\\\/image\\\/\",\"url\":\"https:\\\/\\\/sushi-robots.eu\\\/wp-content\\\/uploads\\\/2023\\\/02\\\/Logo-Sushi-Robots-White-Green-1.png\",\"contentUrl\":\"https:\\\/\\\/sushi-robots.eu\\\/wp-content\\\/uploads\\\/2023\\\/02\\\/Logo-Sushi-Robots-White-Green-1.png\",\"width\":1000,\"height\":337,\"caption\":\"Sushi Robots\"},\"image\":{\"@id\":\"https:\\\/\\\/sushi-robots.eu\\\/#\\\/schema\\\/logo\\\/image\\\/\"}}]}<\/script>\n<!-- \/ Yoast SEO plugin. -->","yoast_head_json":{"title":"Fornitore di macchine per ristoranti giapponesi - Sushi Robots","description":"Fornitore europeo di macchine per ristoranti giapponesi e asiatici","robots":{"index":"index","follow":"follow","max-snippet":"max-snippet:-1","max-image-preview":"max-image-preview:large","max-video-preview":"max-video-preview:-1"},"canonical":"https:\/\/sushi-robots.eu\/it\/soluzioni-aziendali\/","og_locale":"it_IT","og_type":"article","og_title":"Fournisseur machines restaurant japonais - Sushi Robots","og_description":"Fournisseur europ\u00e9en de machines pour restaurant japonais et restaurant asiatique","og_url":"https:\/\/sushi-robots.eu\/it\/soluzioni-aziendali\/","og_site_name":"Sushi Robots","article_modified_time":"2025-01-07T16:00:09+00:00","og_image":[{"width":600,"height":600,"url":"https:\/\/sushi-robots.eu\/wp-content\/uploads\/2023\/10\/distributeur-machine-restaurant-japonais-restaurant-asiatique-sushi-robots.jpg","type":"image\/jpeg"}],"twitter_card":"summary_large_image","twitter_misc":{"Tempo di lettura stimato":"2 minuti"},"schema":{"@context":"https:\/\/schema.org","@graph":[{"@type":"WebPage","@id":"https:\/\/sushi-robots.eu\/solutions-metiers\/","url":"https:\/\/sushi-robots.eu\/solutions-metiers\/","name":"Fornitore di macchine per ristoranti giapponesi - Sushi Robots","isPartOf":{"@id":"https:\/\/sushi-robots.eu\/#website"},"primaryImageOfPage":{"@id":"https:\/\/sushi-robots.eu\/solutions-metiers\/#primaryimage"},"image":{"@id":"https:\/\/sushi-robots.eu\/solutions-metiers\/#primaryimage"},"thumbnailUrl":"https:\/\/s3.fr-par.scw.cloud\/sushi-robots\/2023\/10\/distributeur-machine-restaurant-japonais-restaurant-asiatique-sushi-robots.jpg","datePublished":"2023-02-02T09:45:48+00:00","dateModified":"2025-01-07T16:00:09+00:00","description":"Fornitore europeo di macchine per ristoranti giapponesi e asiatici","breadcrumb":{"@id":"https:\/\/sushi-robots.eu\/solutions-metiers\/#breadcrumb"},"inLanguage":"it-IT","potentialAction":[{"@type":"ReadAction","target":["https:\/\/sushi-robots.eu\/solutions-metiers\/"]}]},{"@type":"ImageObject","inLanguage":"it-IT","@id":"https:\/\/sushi-robots.eu\/solutions-metiers\/#primaryimage","url":"https:\/\/s3.fr-par.scw.cloud\/sushi-robots\/2023\/10\/distributeur-machine-restaurant-japonais-restaurant-asiatique-sushi-robots.jpg","contentUrl":"https:\/\/s3.fr-par.scw.cloud\/sushi-robots\/2023\/10\/distributeur-machine-restaurant-japonais-restaurant-asiatique-sushi-robots.jpg"},{"@type":"BreadcrumbList","@id":"https:\/\/sushi-robots.eu\/solutions-metiers\/#breadcrumb","itemListElement":[{"@type":"ListItem","position":1,"name":"Accueil","item":"https:\/\/sushi-robots.eu\/"},{"@type":"ListItem","position":2,"name":"Solutions m\u00e9tiers"}]},{"@type":"WebSite","@id":"https:\/\/sushi-robots.eu\/#website","url":"https:\/\/sushi-robots.eu\/","name":"Robot del sushi","description":"","publisher":{"@id":"https:\/\/sushi-robots.eu\/#organization"},"potentialAction":[{"@type":"SearchAction","target":{"@type":"EntryPoint","urlTemplate":"https:\/\/sushi-robots.eu\/?s={search_term_string}"},"query-input":{"@type":"PropertyValueSpecification","valueRequired":true,"valueName":"search_term_string"}}],"inLanguage":"it-IT"},{"@type":"Organization","@id":"https:\/\/sushi-robots.eu\/#organization","name":"Robot del sushi","url":"https:\/\/sushi-robots.eu\/","logo":{"@type":"ImageObject","inLanguage":"it-IT","@id":"https:\/\/sushi-robots.eu\/#\/schema\/logo\/image\/","url":"https:\/\/sushi-robots.eu\/wp-content\/uploads\/2023\/02\/Logo-Sushi-Robots-White-Green-1.png","contentUrl":"https:\/\/sushi-robots.eu\/wp-content\/uploads\/2023\/02\/Logo-Sushi-Robots-White-Green-1.png","width":1000,"height":337,"caption":"Sushi Robots"},"image":{"@id":"https:\/\/sushi-robots.eu\/#\/schema\/logo\/image\/"}}]}},"_links":{"self":[{"href":"https:\/\/sushi-robots.eu\/it\/wp-json\/wp\/v2\/pages\/68","targetHints":{"allow":["GET"]}}],"collection":[{"href":"https:\/\/sushi-robots.eu\/it\/wp-json\/wp\/v2\/pages"}],"about":[{"href":"https:\/\/sushi-robots.eu\/it\/wp-json\/wp\/v2\/types\/page"}],"author":[{"embeddable":true,"href":"https:\/\/sushi-robots.eu\/it\/wp-json\/wp\/v2\/users\/1"}],"replies":[{"embeddable":true,"href":"https:\/\/sushi-robots.eu\/it\/wp-json\/wp\/v2\/comments?post=68"}],"version-history":[{"count":64,"href":"https:\/\/sushi-robots.eu\/it\/wp-json\/wp\/v2\/pages\/68\/revisions"}],"predecessor-version":[{"id":8482,"href":"https:\/\/sushi-robots.eu\/it\/wp-json\/wp\/v2\/pages\/68\/revisions\/8482"}],"wp:attachment":[{"href":"https:\/\/sushi-robots.eu\/it\/wp-json\/wp\/v2\/media?parent=68"}],"curies":[{"name":"wp","href":"https:\/\/api.w.org\/{rel}","templated":true}]}}