{"id":5898,"date":"2023-11-29T16:20:06","date_gmt":"2023-11-29T15:20:06","guid":{"rendered":"https:\/\/sushi-robots.eu\/?page_id=5898"},"modified":"2023-11-29T16:25:06","modified_gmt":"2023-11-29T15:25:06","slug":"dzieki-cytat","status":"publish","type":"page","link":"https:\/\/sushi-robots.eu\/pl\/remerciements-devis\/","title":{"rendered":"Potwierdzenie wyceny"},"content":{"rendered":"<div data-elementor-type=\"wp-page\" data-elementor-id=\"5898\" class=\"elementor elementor-5898\" data-elementor-settings=\"{&quot;ha_cmc_init_switcher&quot;:&quot;no&quot;}\" data-elementor-post-type=\"page\">\n\t\t\t\t<div class=\"elementor-element elementor-element-592d16f e-flex e-con-boxed e-con e-parent\" data-id=\"592d16f\" data-element_type=\"container\" data-e-type=\"container\">\n\t\t\t\t\t<div class=\"e-con-inner\">\n\t\t<div class=\"elementor-element elementor-element-c2879cf e-con-full e-flex e-con e-child\" data-id=\"c2879cf\" data-element_type=\"container\" data-e-type=\"container\">\n\t\t\t\t<div class=\"elementor-element elementor-element-7f8ef8e elementor-widget elementor-widget-image\" data-id=\"7f8ef8e\" data-element_type=\"widget\" data-e-type=\"widget\" data-widget_type=\"image.default\">\n\t\t\t\t<div class=\"elementor-widget-container\">\n\t\t\t\t\t\t\t\t\t\t\t\t\t\t\t<img fetchpriority=\"high\" decoding=\"async\" width=\"752\" height=\"521\" src=\"https:\/\/sushi-robots.eu\/wp-content\/uploads\/2023\/11\/VISUEL-FR.png\" class=\"attachment-large size-large wp-image-5901\" alt=\"Dzi\u0119kuj\u0119 maskotko\" srcset=\"https:\/\/sushi-robots.eu\/wp-content\/uploads\/2023\/11\/VISUEL-FR.png 752w, https:\/\/sushi-robots.eu\/wp-content\/uploads\/2023\/11\/VISUEL-FR-300x208.png 300w, https:\/\/sushi-robots.eu\/wp-content\/uploads\/2023\/11\/VISUEL-FR-18x12.png 18w, https:\/\/sushi-robots.eu\/wp-content\/uploads\/2023\/11\/VISUEL-FR-600x416.png 600w\" sizes=\"(max-width: 752px) 100vw, 752px\" \/>\t\t\t\t\t\t\t\t\t\t\t\t\t\t\t<\/div>\n\t\t\t\t<\/div>\n\t\t\t\t<\/div>\n\t\t<div class=\"elementor-element elementor-element-93d6121 e-con-full e-flex e-con e-child\" data-id=\"93d6121\" data-element_type=\"container\" data-e-type=\"container\">\n\t\t\t\t<div class=\"elementor-element elementor-element-f1b89dc elementor-widget elementor-widget-heading\" data-id=\"f1b89dc\" data-element_type=\"widget\" data-e-type=\"widget\" data-widget_type=\"heading.default\">\n\t\t\t\t<div class=\"elementor-widget-container\">\n\t\t\t\t\t<h2 class=\"elementor-heading-title elementor-size-medium\">Ca\u0142y zesp\u00f3\u0142 Sushi Robots chcia\u0142by podzi\u0119kowa\u0107 za przes\u0142an\u0105 ofert\u0119!<\/h2>\t\t\t\t<\/div>\n\t\t\t\t<\/div>\n\t\t\t\t<div class=\"elementor-element elementor-element-766b5e7 elementor-widget elementor-widget-text-editor\" data-id=\"766b5e7\" data-element_type=\"widget\" data-e-type=\"widget\" data-widget_type=\"text-editor.default\">\n\t\t\t\t<div class=\"elementor-widget-container\">\n\t\t\t\t\t\t\t\t\t<p><span style=\"color: var( --e-global-color-text ); font-family: var( --e-global-typography-text-font-family ), Sans-serif; font-size: var( --e-global-typography-text-font-size ); font-weight: var( --e-global-typography-text-font-weight );\">Do\u0142o\u017cymy wszelkich stara\u0144, aby skontaktowa\u0107 si\u0119 z Tob\u0105 tak szybko, jak to mo\u017cliwe.<\/span><\/p>\t\t\t\t\t\t\t\t<\/div>\n\t\t\t\t<\/div>\n\t\t\t\t<\/div>\n\t\t\t\t\t<\/div>\n\t\t\t\t<\/div>\n\t\t<div class=\"elementor-element elementor-element-34649f4 e-flex e-con-boxed e-con e-parent\" data-id=\"34649f4\" data-element_type=\"container\" data-e-type=\"container\">\n\t\t\t\t\t<div class=\"e-con-inner\">\n\t\t\t\t<div class=\"elementor-element elementor-element-f5141ad elementor-widget elementor-widget-heading\" data-id=\"f5141ad\" data-element_type=\"widget\" data-e-type=\"widget\" data-widget_type=\"heading.default\">\n\t\t\t\t<div class=\"elementor-widget-container\">\n\t\t\t\t\t<h2 class=\"elementor-heading-title elementor-size-small\">Odkryj wszystkie nasze pozosta\u0142e maszyny!<\/h2>\t\t\t\t<\/div>\n\t\t\t\t<\/div>\n\t\t\t\t<div class=\"elementor-element elementor-element-3f40eb8 elementor-align-center elementor-widget elementor-widget-button\" data-id=\"3f40eb8\" data-element_type=\"widget\" data-e-type=\"widget\" data-widget_type=\"button.default\">\n\t\t\t\t<div class=\"elementor-widget-container\">\n\t\t\t\t\t\t\t\t\t<div class=\"elementor-button-wrapper\">\n\t\t\t\t\t<a class=\"elementor-button elementor-button-link elementor-size-sm\" href=\"https:\/\/sushi-robots.eu\/pl\/nasze-maszyny\/\">\n\t\t\t\t\t\t<span class=\"elementor-button-content-wrapper\">\n\t\t\t\t\t\t\t\t\t<span class=\"elementor-button-text\">Powr\u00f3t do katalogu<\/span>\n\t\t\t\t\t<\/span>\n\t\t\t\t\t<\/a>\n\t\t\t\t<\/div>\n\t\t\t\t\t\t\t\t<\/div>\n\t\t\t\t<\/div>\n\t\t\t\t\t<\/div>\n\t\t\t\t<\/div>\n\t\t\t\t<\/div>","protected":false},"excerpt":{"rendered":"<p>Ca\u0142y zesp\u00f3\u0142 Sushi Robots pragnie podzi\u0119kowa\u0107 za przes\u0142anie pro\u015bby o wycen\u0119! Do\u0142o\u017cymy wszelkich stara\u0144, aby skontaktowa\u0107 si\u0119 z Tob\u0105 tak szybko, jak to mo\u017cliwe. Odkryj wszystkie nasze pozosta\u0142e maszyny! Powr\u00f3t do katalogu<\/p>","protected":false},"author":4,"featured_media":0,"parent":0,"menu_order":0,"comment_status":"closed","ping_status":"closed","template":"","meta":{"_acf_changed":false,"footnotes":""},"class_list":["post-5898","page","type-page","status-publish","hentry"],"acf":[],"yoast_head":"<!-- This site is optimized with the Yoast SEO plugin v27.4 - https:\/\/yoast.com\/product\/yoast-seo-wordpress\/ -->\n<title>Remerciements devis - Sushi Robots<\/title>\n<meta name=\"robots\" content=\"index, follow, max-snippet:-1, max-image-preview:large, max-video-preview:-1\" \/>\n<link rel=\"canonical\" href=\"https:\/\/sushi-robots.eu\/pl\/dzieki-cytat\/\" \/>\n<meta property=\"og:locale\" content=\"pl_PL\" \/>\n<meta property=\"og:type\" content=\"article\" \/>\n<meta property=\"og:title\" content=\"Remerciements devis - Sushi Robots\" \/>\n<meta property=\"og:description\" content=\"Toute la team Sushi Robots vous remercie pour votre demande de devis !\u200b Nous mettons tout en oeuvre pour vous faire un retour le plus rapidement possible. D\u00e9couvrez toutes nos autres machines ! Retourner sur le catalogue\" \/>\n<meta property=\"og:url\" content=\"https:\/\/sushi-robots.eu\/pl\/dzieki-cytat\/\" \/>\n<meta property=\"og:site_name\" content=\"Sushi Robots\" \/>\n<meta property=\"article:modified_time\" content=\"2023-11-29T15:25:06+00:00\" \/>\n<meta property=\"og:image\" content=\"https:\/\/s3.fr-par.scw.cloud\/sushi-robots\/2023\/11\/VISUEL-FR.png\" \/>\n<meta name=\"twitter:card\" content=\"summary_large_image\" \/>\n<meta name=\"twitter:label1\" content=\"Szacowany czas czytania\" \/>\n\t<meta name=\"twitter:data1\" content=\"1 minuta\" \/>\n<script type=\"application\/ld+json\" class=\"yoast-schema-graph\">{\"@context\":\"https:\\\/\\\/schema.org\",\"@graph\":[{\"@type\":\"WebPage\",\"@id\":\"https:\\\/\\\/sushi-robots.eu\\\/remerciements-devis\\\/\",\"url\":\"https:\\\/\\\/sushi-robots.eu\\\/remerciements-devis\\\/\",\"name\":\"Remerciements devis - Sushi Robots\",\"isPartOf\":{\"@id\":\"https:\\\/\\\/sushi-robots.eu\\\/#website\"},\"primaryImageOfPage\":{\"@id\":\"https:\\\/\\\/sushi-robots.eu\\\/remerciements-devis\\\/#primaryimage\"},\"image\":{\"@id\":\"https:\\\/\\\/sushi-robots.eu\\\/remerciements-devis\\\/#primaryimage\"},\"thumbnailUrl\":\"https:\\\/\\\/s3.fr-par.scw.cloud\\\/sushi-robots\\\/2023\\\/11\\\/VISUEL-FR.png\",\"datePublished\":\"2023-11-29T15:20:06+00:00\",\"dateModified\":\"2023-11-29T15:25:06+00:00\",\"breadcrumb\":{\"@id\":\"https:\\\/\\\/sushi-robots.eu\\\/remerciements-devis\\\/#breadcrumb\"},\"inLanguage\":\"pl-PL\",\"potentialAction\":[{\"@type\":\"ReadAction\",\"target\":[\"https:\\\/\\\/sushi-robots.eu\\\/remerciements-devis\\\/\"]}]},{\"@type\":\"ImageObject\",\"inLanguage\":\"pl-PL\",\"@id\":\"https:\\\/\\\/sushi-robots.eu\\\/remerciements-devis\\\/#primaryimage\",\"url\":\"https:\\\/\\\/s3.fr-par.scw.cloud\\\/sushi-robots\\\/2023\\\/11\\\/VISUEL-FR.png\",\"contentUrl\":\"https:\\\/\\\/s3.fr-par.scw.cloud\\\/sushi-robots\\\/2023\\\/11\\\/VISUEL-FR.png\"},{\"@type\":\"BreadcrumbList\",\"@id\":\"https:\\\/\\\/sushi-robots.eu\\\/remerciements-devis\\\/#breadcrumb\",\"itemListElement\":[{\"@type\":\"ListItem\",\"position\":1,\"name\":\"Accueil\",\"item\":\"https:\\\/\\\/sushi-robots.eu\\\/\"},{\"@type\":\"ListItem\",\"position\":2,\"name\":\"Remerciements devis\"}]},{\"@type\":\"WebSite\",\"@id\":\"https:\\\/\\\/sushi-robots.eu\\\/#website\",\"url\":\"https:\\\/\\\/sushi-robots.eu\\\/\",\"name\":\"Sushi Robots\",\"description\":\"\",\"publisher\":{\"@id\":\"https:\\\/\\\/sushi-robots.eu\\\/#organization\"},\"potentialAction\":[{\"@type\":\"SearchAction\",\"target\":{\"@type\":\"EntryPoint\",\"urlTemplate\":\"https:\\\/\\\/sushi-robots.eu\\\/?s={search_term_string}\"},\"query-input\":{\"@type\":\"PropertyValueSpecification\",\"valueRequired\":true,\"valueName\":\"search_term_string\"}}],\"inLanguage\":\"pl-PL\"},{\"@type\":\"Organization\",\"@id\":\"https:\\\/\\\/sushi-robots.eu\\\/#organization\",\"name\":\"Sushi Robots\",\"url\":\"https:\\\/\\\/sushi-robots.eu\\\/\",\"logo\":{\"@type\":\"ImageObject\",\"inLanguage\":\"pl-PL\",\"@id\":\"https:\\\/\\\/sushi-robots.eu\\\/#\\\/schema\\\/logo\\\/image\\\/\",\"url\":\"https:\\\/\\\/sushi-robots.eu\\\/wp-content\\\/uploads\\\/2023\\\/02\\\/Logo-Sushi-Robots-White-Green-1.png\",\"contentUrl\":\"https:\\\/\\\/sushi-robots.eu\\\/wp-content\\\/uploads\\\/2023\\\/02\\\/Logo-Sushi-Robots-White-Green-1.png\",\"width\":1000,\"height\":337,\"caption\":\"Sushi Robots\"},\"image\":{\"@id\":\"https:\\\/\\\/sushi-robots.eu\\\/#\\\/schema\\\/logo\\\/image\\\/\"}}]}<\/script>\n<!-- \/ Yoast SEO plugin. -->","yoast_head_json":{"title":"Potwierdzenie wyceny - Sushi Robots","robots":{"index":"index","follow":"follow","max-snippet":"max-snippet:-1","max-image-preview":"max-image-preview:large","max-video-preview":"max-video-preview:-1"},"canonical":"https:\/\/sushi-robots.eu\/pl\/dzieki-cytat\/","og_locale":"pl_PL","og_type":"article","og_title":"Remerciements devis - Sushi Robots","og_description":"Toute la team Sushi Robots vous remercie pour votre demande de devis !\u200b Nous mettons tout en oeuvre pour vous faire un retour le plus rapidement possible. D\u00e9couvrez toutes nos autres machines ! Retourner sur le catalogue","og_url":"https:\/\/sushi-robots.eu\/pl\/dzieki-cytat\/","og_site_name":"Sushi Robots","article_modified_time":"2023-11-29T15:25:06+00:00","og_image":[{"url":"https:\/\/s3.fr-par.scw.cloud\/sushi-robots\/2023\/11\/VISUEL-FR.png","type":"","width":"","height":""}],"twitter_card":"summary_large_image","twitter_misc":{"Szacowany czas czytania":"1 minuta"},"schema":{"@context":"https:\/\/schema.org","@graph":[{"@type":"WebPage","@id":"https:\/\/sushi-robots.eu\/remerciements-devis\/","url":"https:\/\/sushi-robots.eu\/remerciements-devis\/","name":"Potwierdzenie wyceny - Sushi Robots","isPartOf":{"@id":"https:\/\/sushi-robots.eu\/#website"},"primaryImageOfPage":{"@id":"https:\/\/sushi-robots.eu\/remerciements-devis\/#primaryimage"},"image":{"@id":"https:\/\/sushi-robots.eu\/remerciements-devis\/#primaryimage"},"thumbnailUrl":"https:\/\/s3.fr-par.scw.cloud\/sushi-robots\/2023\/11\/VISUEL-FR.png","datePublished":"2023-11-29T15:20:06+00:00","dateModified":"2023-11-29T15:25:06+00:00","breadcrumb":{"@id":"https:\/\/sushi-robots.eu\/remerciements-devis\/#breadcrumb"},"inLanguage":"pl-PL","potentialAction":[{"@type":"ReadAction","target":["https:\/\/sushi-robots.eu\/remerciements-devis\/"]}]},{"@type":"ImageObject","inLanguage":"pl-PL","@id":"https:\/\/sushi-robots.eu\/remerciements-devis\/#primaryimage","url":"https:\/\/s3.fr-par.scw.cloud\/sushi-robots\/2023\/11\/VISUEL-FR.png","contentUrl":"https:\/\/s3.fr-par.scw.cloud\/sushi-robots\/2023\/11\/VISUEL-FR.png"},{"@type":"BreadcrumbList","@id":"https:\/\/sushi-robots.eu\/remerciements-devis\/#breadcrumb","itemListElement":[{"@type":"ListItem","position":1,"name":"Accueil","item":"https:\/\/sushi-robots.eu\/"},{"@type":"ListItem","position":2,"name":"Remerciements devis"}]},{"@type":"WebSite","@id":"https:\/\/sushi-robots.eu\/#website","url":"https:\/\/sushi-robots.eu\/","name":"Roboty sushi","description":"","publisher":{"@id":"https:\/\/sushi-robots.eu\/#organization"},"potentialAction":[{"@type":"SearchAction","target":{"@type":"EntryPoint","urlTemplate":"https:\/\/sushi-robots.eu\/?s={search_term_string}"},"query-input":{"@type":"PropertyValueSpecification","valueRequired":true,"valueName":"search_term_string"}}],"inLanguage":"pl-PL"},{"@type":"Organization","@id":"https:\/\/sushi-robots.eu\/#organization","name":"Roboty sushi","url":"https:\/\/sushi-robots.eu\/","logo":{"@type":"ImageObject","inLanguage":"pl-PL","@id":"https:\/\/sushi-robots.eu\/#\/schema\/logo\/image\/","url":"https:\/\/sushi-robots.eu\/wp-content\/uploads\/2023\/02\/Logo-Sushi-Robots-White-Green-1.png","contentUrl":"https:\/\/sushi-robots.eu\/wp-content\/uploads\/2023\/02\/Logo-Sushi-Robots-White-Green-1.png","width":1000,"height":337,"caption":"Sushi Robots"},"image":{"@id":"https:\/\/sushi-robots.eu\/#\/schema\/logo\/image\/"}}]}},"_links":{"self":[{"href":"https:\/\/sushi-robots.eu\/pl\/wp-json\/wp\/v2\/pages\/5898","targetHints":{"allow":["GET"]}}],"collection":[{"href":"https:\/\/sushi-robots.eu\/pl\/wp-json\/wp\/v2\/pages"}],"about":[{"href":"https:\/\/sushi-robots.eu\/pl\/wp-json\/wp\/v2\/types\/page"}],"author":[{"embeddable":true,"href":"https:\/\/sushi-robots.eu\/pl\/wp-json\/wp\/v2\/users\/4"}],"replies":[{"embeddable":true,"href":"https:\/\/sushi-robots.eu\/pl\/wp-json\/wp\/v2\/comments?post=5898"}],"version-history":[{"count":9,"href":"https:\/\/sushi-robots.eu\/pl\/wp-json\/wp\/v2\/pages\/5898\/revisions"}],"predecessor-version":[{"id":5909,"href":"https:\/\/sushi-robots.eu\/pl\/wp-json\/wp\/v2\/pages\/5898\/revisions\/5909"}],"wp:attachment":[{"href":"https:\/\/sushi-robots.eu\/pl\/wp-json\/wp\/v2\/media?parent=5898"}],"curies":[{"name":"wp","href":"https:\/\/api.w.org\/{rel}","templated":true}]}}