{"id":54,"date":"2023-01-27T10:19:38","date_gmt":"2023-01-27T10:19:38","guid":{"rendered":"https:\/\/elegant-yonath.51-15-217-141.plesk.page\/panier\/"},"modified":"2023-09-08T08:20:52","modified_gmt":"2023-09-08T08:20:52","slug":"sepet","status":"publish","type":"page","link":"https:\/\/sushi-robots.eu\/tr\/panier\/","title":{"rendered":"Sepet"},"content":{"rendered":"<div data-elementor-type=\"wp-page\" data-elementor-id=\"54\" class=\"elementor elementor-54\" data-elementor-settings=\"{&quot;ha_cmc_init_switcher&quot;:&quot;no&quot;}\" data-elementor-post-type=\"page\">\n\t\t\t\t<div class=\"elementor-element elementor-element-5867f54 e-flex e-con-boxed e-con e-parent\" data-id=\"5867f54\" data-element_type=\"container\" data-e-type=\"container\">\n\t\t\t\t\t<div class=\"e-con-inner\">\n\t\t\t\t<div class=\"elementor-element elementor-element-8aa929e elementor-widget elementor-widget-heading\" data-id=\"8aa929e\" data-element_type=\"widget\" data-e-type=\"widget\" data-widget_type=\"heading.default\">\n\t\t\t\t<div class=\"elementor-widget-container\">\n\t\t\t\t\t<h2 class=\"elementor-heading-title elementor-size-default\">Sepet<\/h2>\t\t\t\t<\/div>\n\t\t\t\t<\/div>\n\t\t\t\t<div class=\"elementor-element elementor-element-da36701 elementor-widget-divider--view-line elementor-widget elementor-widget-divider\" data-id=\"da36701\" data-element_type=\"widget\" data-e-type=\"widget\" data-widget_type=\"divider.default\">\n\t\t\t\t<div class=\"elementor-widget-container\">\n\t\t\t\t\t\t\t<div class=\"elementor-divider\">\n\t\t\t<span class=\"elementor-divider-separator\">\n\t\t\t\t\t\t<\/span>\n\t\t<\/div>\n\t\t\t\t\t\t<\/div>\n\t\t\t\t<\/div>\n\t\t\t\t<div class=\"elementor-element elementor-element-2aaccd0 elementor-widget-divider--view-line elementor-widget elementor-widget-divider\" data-id=\"2aaccd0\" data-element_type=\"widget\" data-e-type=\"widget\" data-widget_type=\"divider.default\">\n\t\t\t\t<div class=\"elementor-widget-container\">\n\t\t\t\t\t\t\t<div class=\"elementor-divider\">\n\t\t\t<span class=\"elementor-divider-separator\">\n\t\t\t\t\t\t<\/span>\n\t\t<\/div>\n\t\t\t\t\t\t<\/div>\n\t\t\t\t<\/div>\n\t\t\t\t\t<\/div>\n\t\t\t\t<\/div>\n\t\t<div class=\"elementor-element elementor-element-f847a4f e-flex e-con-boxed e-con e-parent\" data-id=\"f847a4f\" data-element_type=\"container\" data-e-type=\"container\" data-settings=\"{&quot;background_background&quot;:&quot;classic&quot;}\">\n\t\t\t\t\t<div class=\"e-con-inner\">\n\t\t<div class=\"elementor-element elementor-element-d5082c1 e-con-full e-flex e-con e-parent\" data-id=\"d5082c1\" data-element_type=\"container\" data-e-type=\"container\">\n\t\t\t\t<div class=\"elementor-element elementor-element-ded15f9 elementor-view-default elementor-widget elementor-widget-icon\" data-id=\"ded15f9\" data-element_type=\"widget\" data-e-type=\"widget\" data-widget_type=\"icon.default\">\n\t\t\t\t<div class=\"elementor-widget-container\">\n\t\t\t\t\t\t\t<div class=\"elementor-icon-wrapper\">\n\t\t\t<div class=\"elementor-icon\">\n\t\t\t<i aria-hidden=\"true\" class=\"fas fa-exclamation-triangle\"><\/i>\t\t\t<\/div>\n\t\t<\/div>\n\t\t\t\t\t\t<\/div>\n\t\t\t\t<\/div>\n\t\t\t\t<div class=\"elementor-element elementor-element-cec98ad elementor-widget elementor-widget-heading\" data-id=\"cec98ad\" data-element_type=\"widget\" data-e-type=\"widget\" data-widget_type=\"heading.default\">\n\t\t\t\t<div class=\"elementor-widget-container\">\n\t\t\t\t\t<h3 class=\"elementor-heading-title elementor-size-default\">Aerosol kutular\u0131, bunlar\u0131 a\u015fa\u011f\u0131daki b\u00f6lgelere teslim etmemizi engelleyen \u00f6zel d\u00fczenlemelere tabidir: \n<\/h3>\t\t\t\t<\/div>\n\t\t\t\t<\/div>\n\t\t\t\t<div class=\"elementor-element elementor-element-d4e734d elementor-widget elementor-widget-text-editor\" data-id=\"d4e734d\" data-element_type=\"widget\" data-e-type=\"widget\" data-widget_type=\"text-editor.default\">\n\t\t\t\t<div class=\"elementor-widget-container\">\n\t\t\t\t\t\t\t\t\t<p><strong>Arnavutluk, Karada\u011f, Faroe Adalar\u0131, Balear Adalar\u0131, Kanarya Adalar\u0131, Ceuta, Melilla, Cebelitar\u0131k, \u0130zlanda, Finlandiya, Bosna-Hersek, \u0130rlanda, T\u00fcrkiye, Sicilya, Sardunya, K\u0131br\u0131s, Norve\u00e7, Makedonya, Madeira, Malta, \u0130sve\u00e7.<\/strong><\/p>\t\t\t\t\t\t\t\t<\/div>\n\t\t\t\t<\/div>\n\t\t\t\t<div class=\"elementor-element elementor-element-59bab98 elementor-widget elementor-widget-text-editor\" data-id=\"59bab98\" data-element_type=\"widget\" data-e-type=\"widget\" data-widget_type=\"text-editor.default\">\n\t\t\t\t<div class=\"elementor-widget-container\">\n\t\t\t\t\t\t\t\t\t<p>Sipari\u015finiz etkilenirse, sadece <strong>aerosol kutular\u0131n\u0131 \u00e7\u0131kar\u0131n<\/strong> ve sepetinizi do\u011frulamak i\u00e7in bu sayfay\u0131 yenileyin.<\/p>\t\t\t\t\t\t\t\t<\/div>\n\t\t\t\t<\/div>\n\t\t\t\t<div class=\"elementor-element elementor-element-73fbc8d elementor-align-center elementor-widget elementor-widget-button\" data-id=\"73fbc8d\" data-element_type=\"widget\" data-e-type=\"widget\" data-widget_type=\"button.default\">\n\t\t\t\t<div class=\"elementor-widget-container\">\n\t\t\t\t\t\t\t\t\t<div class=\"elementor-button-wrapper\">\n\t\t\t\t\t<a class=\"elementor-button elementor-button-link elementor-size-sm\" href=\"https:\/\/sushi-robots.eu\/tr\/iletisim\/\">\n\t\t\t\t\t\t<span class=\"elementor-button-content-wrapper\">\n\t\t\t\t\t\t\t\t\t<span class=\"elementor-button-text\">Bize ula\u015f\u0131n<\/span>\n\t\t\t\t\t<\/span>\n\t\t\t\t\t<\/a>\n\t\t\t\t<\/div>\n\t\t\t\t\t\t\t\t<\/div>\n\t\t\t\t<\/div>\n\t\t\t\t<\/div>\n\t\t\t\t\t<\/div>\n\t\t\t\t<\/div>\n\t\t<div class=\"elementor-element elementor-element-45f966d e-flex e-con-boxed e-con e-parent\" data-id=\"45f966d\" data-element_type=\"container\" data-e-type=\"container\">\n\t\t\t\t\t<div class=\"e-con-inner\">\n\t\t\t\t<div class=\"elementor-element elementor-element-4ba10b6 elementor-widget-divider--view-line elementor-widget elementor-widget-divider\" data-id=\"4ba10b6\" data-element_type=\"widget\" data-e-type=\"widget\" data-widget_type=\"divider.default\">\n\t\t\t\t<div class=\"elementor-widget-container\">\n\t\t\t\t\t\t\t<div class=\"elementor-divider\">\n\t\t\t<span class=\"elementor-divider-separator\">\n\t\t\t\t\t\t<\/span>\n\t\t<\/div>\n\t\t\t\t\t\t<\/div>\n\t\t\t\t<\/div>\n\t\t\t\t\t<\/div>\n\t\t\t\t<\/div>\n\t\t\t\t<\/div>","protected":false},"excerpt":{"rendered":"<p>Panier Les bombes a\u00e9rosols sont soumises \u00e0 une r\u00e9glementation particuli\u00e8re qui nous emp\u00eache de les livrer dans les territoires suivants : Albanie, Mont\u00e9n\u00e9gro, \u00celes F\u00e9ro\u00e9s, \u00celes Bal\u00e9ares, \u00celes Canaries, Ceuta, Melilla, Gibraltar, Islande, Finlande, Bosnie Herz\u00e9govine, Irlande, Turquie, Sicile, Sardaigne, Chypre, Norv\u00e8ge, Mac\u00e9doine, \u00cele de Mad\u00e8re, Malte, Su\u00e8de. Si votre commande est concern\u00e9e il vous [&hellip;]<\/p>\n","protected":false},"author":1,"featured_media":0,"parent":0,"menu_order":0,"comment_status":"closed","ping_status":"closed","template":"","meta":{"_acf_changed":false,"footnotes":""},"class_list":["post-54","page","type-page","status-publish","hentry"],"acf":[],"yoast_head":"<!-- This site is optimized with the Yoast SEO plugin v27.4 - https:\/\/yoast.com\/product\/yoast-seo-wordpress\/ -->\n<title>Panier - Sushi Robots<\/title>\n<meta name=\"robots\" content=\"index, follow, max-snippet:-1, max-image-preview:large, max-video-preview:-1\" \/>\n<link rel=\"canonical\" href=\"https:\/\/sushi-robots.eu\/tr\/sepet\/\" \/>\n<meta property=\"og:locale\" content=\"tr_TR\" \/>\n<meta property=\"og:type\" content=\"article\" \/>\n<meta property=\"og:title\" content=\"Panier - Sushi Robots\" \/>\n<meta property=\"og:description\" content=\"Panier Les bombes a\u00e9rosols sont soumises \u00e0 une r\u00e9glementation particuli\u00e8re qui nous emp\u00eache de les livrer dans les territoires suivants : Albanie, Mont\u00e9n\u00e9gro, \u00celes F\u00e9ro\u00e9s, \u00celes Bal\u00e9ares, \u00celes Canaries, Ceuta, Melilla, Gibraltar, Islande, Finlande, Bosnie Herz\u00e9govine, Irlande, Turquie, Sicile, Sardaigne, Chypre, Norv\u00e8ge, Mac\u00e9doine, \u00cele de Mad\u00e8re, Malte, Su\u00e8de. Si votre commande est concern\u00e9e il vous [&hellip;]\" \/>\n<meta property=\"og:url\" content=\"https:\/\/sushi-robots.eu\/tr\/sepet\/\" \/>\n<meta property=\"og:site_name\" content=\"Sushi Robots\" \/>\n<meta property=\"article:modified_time\" content=\"2023-09-08T08:20:52+00:00\" \/>\n<meta property=\"og:image\" content=\"https:\/\/s3.fr-par.scw.cloud\/sushi-robots\/2023\/08\/8M01BGLZ-OVAM-SPRAY-300x300.jpg\" \/>\n<meta name=\"twitter:card\" content=\"summary_large_image\" \/>\n<meta name=\"twitter:label1\" content=\"Tahmini okuma s\u00fcresi\" \/>\n\t<meta name=\"twitter:data1\" content=\"3 dakika\" \/>\n<script type=\"application\/ld+json\" class=\"yoast-schema-graph\">{\"@context\":\"https:\\\/\\\/schema.org\",\"@graph\":[{\"@type\":\"WebPage\",\"@id\":\"https:\\\/\\\/sushi-robots.eu\\\/panier\\\/\",\"url\":\"https:\\\/\\\/sushi-robots.eu\\\/panier\\\/\",\"name\":\"Panier - Sushi Robots\",\"isPartOf\":{\"@id\":\"https:\\\/\\\/sushi-robots.eu\\\/#website\"},\"primaryImageOfPage\":{\"@id\":\"https:\\\/\\\/sushi-robots.eu\\\/panier\\\/#primaryimage\"},\"image\":{\"@id\":\"https:\\\/\\\/sushi-robots.eu\\\/panier\\\/#primaryimage\"},\"thumbnailUrl\":\"https:\\\/\\\/s3.fr-par.scw.cloud\\\/sushi-robots\\\/2023\\\/08\\\/8M01BGLZ-OVAM-SPRAY-300x300.jpg\",\"datePublished\":\"2023-01-27T10:19:38+00:00\",\"dateModified\":\"2023-09-08T08:20:52+00:00\",\"breadcrumb\":{\"@id\":\"https:\\\/\\\/sushi-robots.eu\\\/panier\\\/#breadcrumb\"},\"inLanguage\":\"tr\",\"potentialAction\":[{\"@type\":\"ReadAction\",\"target\":[\"https:\\\/\\\/sushi-robots.eu\\\/panier\\\/\"]}]},{\"@type\":\"ImageObject\",\"inLanguage\":\"tr\",\"@id\":\"https:\\\/\\\/sushi-robots.eu\\\/panier\\\/#primaryimage\",\"url\":\"https:\\\/\\\/s3.fr-par.scw.cloud\\\/sushi-robots\\\/2023\\\/08\\\/8M01BGLZ-OVAM-SPRAY-300x300.jpg\",\"contentUrl\":\"https:\\\/\\\/s3.fr-par.scw.cloud\\\/sushi-robots\\\/2023\\\/08\\\/8M01BGLZ-OVAM-SPRAY-300x300.jpg\"},{\"@type\":\"BreadcrumbList\",\"@id\":\"https:\\\/\\\/sushi-robots.eu\\\/panier\\\/#breadcrumb\",\"itemListElement\":[{\"@type\":\"ListItem\",\"position\":1,\"name\":\"Accueil\",\"item\":\"https:\\\/\\\/sushi-robots.eu\\\/\"},{\"@type\":\"ListItem\",\"position\":2,\"name\":\"Panier\"}]},{\"@type\":\"WebSite\",\"@id\":\"https:\\\/\\\/sushi-robots.eu\\\/#website\",\"url\":\"https:\\\/\\\/sushi-robots.eu\\\/\",\"name\":\"Sushi Robots\",\"description\":\"\",\"publisher\":{\"@id\":\"https:\\\/\\\/sushi-robots.eu\\\/#organization\"},\"potentialAction\":[{\"@type\":\"SearchAction\",\"target\":{\"@type\":\"EntryPoint\",\"urlTemplate\":\"https:\\\/\\\/sushi-robots.eu\\\/?s={search_term_string}\"},\"query-input\":{\"@type\":\"PropertyValueSpecification\",\"valueRequired\":true,\"valueName\":\"search_term_string\"}}],\"inLanguage\":\"tr\"},{\"@type\":\"Organization\",\"@id\":\"https:\\\/\\\/sushi-robots.eu\\\/#organization\",\"name\":\"Sushi Robots\",\"url\":\"https:\\\/\\\/sushi-robots.eu\\\/\",\"logo\":{\"@type\":\"ImageObject\",\"inLanguage\":\"tr\",\"@id\":\"https:\\\/\\\/sushi-robots.eu\\\/#\\\/schema\\\/logo\\\/image\\\/\",\"url\":\"https:\\\/\\\/sushi-robots.eu\\\/wp-content\\\/uploads\\\/2023\\\/02\\\/Logo-Sushi-Robots-White-Green-1.png\",\"contentUrl\":\"https:\\\/\\\/sushi-robots.eu\\\/wp-content\\\/uploads\\\/2023\\\/02\\\/Logo-Sushi-Robots-White-Green-1.png\",\"width\":1000,\"height\":337,\"caption\":\"Sushi Robots\"},\"image\":{\"@id\":\"https:\\\/\\\/sushi-robots.eu\\\/#\\\/schema\\\/logo\\\/image\\\/\"}}]}<\/script>\n<!-- \/ Yoast SEO plugin. -->","yoast_head_json":{"title":"Sepet - Su\u015fi Robotlar\u0131","robots":{"index":"index","follow":"follow","max-snippet":"max-snippet:-1","max-image-preview":"max-image-preview:large","max-video-preview":"max-video-preview:-1"},"canonical":"https:\/\/sushi-robots.eu\/tr\/sepet\/","og_locale":"tr_TR","og_type":"article","og_title":"Panier - Sushi Robots","og_description":"Panier Les bombes a\u00e9rosols sont soumises \u00e0 une r\u00e9glementation particuli\u00e8re qui nous emp\u00eache de les livrer dans les territoires suivants : Albanie, Mont\u00e9n\u00e9gro, \u00celes F\u00e9ro\u00e9s, \u00celes Bal\u00e9ares, \u00celes Canaries, Ceuta, Melilla, Gibraltar, Islande, Finlande, Bosnie Herz\u00e9govine, Irlande, Turquie, Sicile, Sardaigne, Chypre, Norv\u00e8ge, Mac\u00e9doine, \u00cele de Mad\u00e8re, Malte, Su\u00e8de. Si votre commande est concern\u00e9e il vous [&hellip;]","og_url":"https:\/\/sushi-robots.eu\/tr\/sepet\/","og_site_name":"Sushi Robots","article_modified_time":"2023-09-08T08:20:52+00:00","og_image":[{"url":"https:\/\/s3.fr-par.scw.cloud\/sushi-robots\/2023\/08\/8M01BGLZ-OVAM-SPRAY-300x300.jpg","type":"","width":"","height":""}],"twitter_card":"summary_large_image","twitter_misc":{"Tahmini okuma s\u00fcresi":"3 dakika"},"schema":{"@context":"https:\/\/schema.org","@graph":[{"@type":"WebPage","@id":"https:\/\/sushi-robots.eu\/panier\/","url":"https:\/\/sushi-robots.eu\/panier\/","name":"Sepet - Su\u015fi Robotlar\u0131","isPartOf":{"@id":"https:\/\/sushi-robots.eu\/#website"},"primaryImageOfPage":{"@id":"https:\/\/sushi-robots.eu\/panier\/#primaryimage"},"image":{"@id":"https:\/\/sushi-robots.eu\/panier\/#primaryimage"},"thumbnailUrl":"https:\/\/s3.fr-par.scw.cloud\/sushi-robots\/2023\/08\/8M01BGLZ-OVAM-SPRAY-300x300.jpg","datePublished":"2023-01-27T10:19:38+00:00","dateModified":"2023-09-08T08:20:52+00:00","breadcrumb":{"@id":"https:\/\/sushi-robots.eu\/panier\/#breadcrumb"},"inLanguage":"tr","potentialAction":[{"@type":"ReadAction","target":["https:\/\/sushi-robots.eu\/panier\/"]}]},{"@type":"ImageObject","inLanguage":"tr","@id":"https:\/\/sushi-robots.eu\/panier\/#primaryimage","url":"https:\/\/s3.fr-par.scw.cloud\/sushi-robots\/2023\/08\/8M01BGLZ-OVAM-SPRAY-300x300.jpg","contentUrl":"https:\/\/s3.fr-par.scw.cloud\/sushi-robots\/2023\/08\/8M01BGLZ-OVAM-SPRAY-300x300.jpg"},{"@type":"BreadcrumbList","@id":"https:\/\/sushi-robots.eu\/panier\/#breadcrumb","itemListElement":[{"@type":"ListItem","position":1,"name":"Accueil","item":"https:\/\/sushi-robots.eu\/"},{"@type":"ListItem","position":2,"name":"Panier"}]},{"@type":"WebSite","@id":"https:\/\/sushi-robots.eu\/#website","url":"https:\/\/sushi-robots.eu\/","name":"Su\u015fi Robotlar\u0131","description":"","publisher":{"@id":"https:\/\/sushi-robots.eu\/#organization"},"potentialAction":[{"@type":"SearchAction","target":{"@type":"EntryPoint","urlTemplate":"https:\/\/sushi-robots.eu\/?s={search_term_string}"},"query-input":{"@type":"PropertyValueSpecification","valueRequired":true,"valueName":"search_term_string"}}],"inLanguage":"tr"},{"@type":"Organization","@id":"https:\/\/sushi-robots.eu\/#organization","name":"Su\u015fi Robotlar\u0131","url":"https:\/\/sushi-robots.eu\/","logo":{"@type":"ImageObject","inLanguage":"tr","@id":"https:\/\/sushi-robots.eu\/#\/schema\/logo\/image\/","url":"https:\/\/sushi-robots.eu\/wp-content\/uploads\/2023\/02\/Logo-Sushi-Robots-White-Green-1.png","contentUrl":"https:\/\/sushi-robots.eu\/wp-content\/uploads\/2023\/02\/Logo-Sushi-Robots-White-Green-1.png","width":1000,"height":337,"caption":"Sushi Robots"},"image":{"@id":"https:\/\/sushi-robots.eu\/#\/schema\/logo\/image\/"}}]}},"_links":{"self":[{"href":"https:\/\/sushi-robots.eu\/tr\/wp-json\/wp\/v2\/pages\/54","targetHints":{"allow":["GET"]}}],"collection":[{"href":"https:\/\/sushi-robots.eu\/tr\/wp-json\/wp\/v2\/pages"}],"about":[{"href":"https:\/\/sushi-robots.eu\/tr\/wp-json\/wp\/v2\/types\/page"}],"author":[{"embeddable":true,"href":"https:\/\/sushi-robots.eu\/tr\/wp-json\/wp\/v2\/users\/1"}],"replies":[{"embeddable":true,"href":"https:\/\/sushi-robots.eu\/tr\/wp-json\/wp\/v2\/comments?post=54"}],"version-history":[{"count":24,"href":"https:\/\/sushi-robots.eu\/tr\/wp-json\/wp\/v2\/pages\/54\/revisions"}],"predecessor-version":[{"id":4304,"href":"https:\/\/sushi-robots.eu\/tr\/wp-json\/wp\/v2\/pages\/54\/revisions\/4304"}],"wp:attachment":[{"href":"https:\/\/sushi-robots.eu\/tr\/wp-json\/wp\/v2\/media?parent=54"}],"curies":[{"name":"wp","href":"https:\/\/api.w.org\/{rel}","templated":true}]}}