{"id":55,"date":"2023-01-27T10:19:38","date_gmt":"2023-01-27T10:19:38","guid":{"rendered":"https:\/\/elegant-yonath.51-15-217-141.plesk.page\/commander\/"},"modified":"2023-09-20T09:05:16","modified_gmt":"2023-09-20T09:05:16","slug":"%e8%ae%a2%e5%8d%95","status":"publish","type":"page","link":"https:\/\/sushi-robots.eu\/zh\/commander\/","title":{"rendered":"\u8ba2\u5355\u9a8c\u8bc1"},"content":{"rendered":"<div data-elementor-type=\"wp-page\" data-elementor-id=\"55\" class=\"elementor elementor-55\" data-elementor-settings=\"{&quot;ha_cmc_init_switcher&quot;:&quot;no&quot;}\" data-elementor-post-type=\"page\">\n\t\t\t\t<div class=\"elementor-element elementor-element-0cfa464 e-flex e-con-boxed e-con e-parent\" data-id=\"0cfa464\" data-element_type=\"container\" data-e-type=\"container\">\n\t\t\t\t\t<div class=\"e-con-inner\">\n\t\t\t\t<div class=\"elementor-element elementor-element-a8f1331 elementor-widget elementor-widget-heading\" data-id=\"a8f1331\" data-element_type=\"widget\" data-e-type=\"widget\" data-widget_type=\"heading.default\">\n\t\t\t\t<div class=\"elementor-widget-container\">\n\t\t\t\t\t<h2 class=\"elementor-heading-title elementor-size-default\">\u8ba2\u8d2d<\/h2>\t\t\t\t<\/div>\n\t\t\t\t<\/div>\n\t\t\t\t<div class=\"elementor-element elementor-element-47bf17c elementor-widget-divider--view-line elementor-widget elementor-widget-divider\" data-id=\"47bf17c\" data-element_type=\"widget\" data-e-type=\"widget\" data-widget_type=\"divider.default\">\n\t\t\t\t<div class=\"elementor-widget-container\">\n\t\t\t\t\t\t\t<div class=\"elementor-divider\">\n\t\t\t<span class=\"elementor-divider-separator\">\n\t\t\t\t\t\t<\/span>\n\t\t<\/div>\n\t\t\t\t\t\t<\/div>\n\t\t\t\t<\/div>\n\t\t\t\t\t<\/div>\n\t\t\t\t<\/div>\n\t\t<div class=\"elementor-element elementor-element-ad90a62 e-flex e-con-boxed e-con e-parent\" data-id=\"ad90a62\" data-element_type=\"container\" data-e-type=\"container\">\n\t\t\t\t\t<div class=\"e-con-inner\">\n\t\t<div class=\"elementor-element elementor-element-cfe9b35 e-flex e-con-boxed e-con e-child\" data-id=\"cfe9b35\" data-element_type=\"container\" data-e-type=\"container\" data-settings=\"{&quot;background_background&quot;:&quot;classic&quot;}\">\n\t\t\t\t\t<div class=\"e-con-inner\">\n\t\t<div class=\"elementor-element elementor-element-9959b84 e-con-full e-flex e-con e-child\" data-id=\"9959b84\" data-element_type=\"container\" data-e-type=\"container\">\n\t\t\t\t<div class=\"elementor-element elementor-element-cf22573 elementor-view-default elementor-widget elementor-widget-icon\" data-id=\"cf22573\" data-element_type=\"widget\" data-e-type=\"widget\" data-widget_type=\"icon.default\">\n\t\t\t\t<div class=\"elementor-widget-container\">\n\t\t\t\t\t\t\t<div class=\"elementor-icon-wrapper\">\n\t\t\t<div class=\"elementor-icon\">\n\t\t\t<i aria-hidden=\"true\" class=\"fas fa-exclamation-triangle\"><\/i>\t\t\t<\/div>\n\t\t<\/div>\n\t\t\t\t\t\t<\/div>\n\t\t\t\t<\/div>\n\t\t\t\t<div class=\"elementor-element elementor-element-4477962 elementor-widget elementor-widget-heading\" data-id=\"4477962\" data-element_type=\"widget\" data-e-type=\"widget\" data-widget_type=\"heading.default\">\n\t\t\t\t<div class=\"elementor-widget-container\">\n\t\t\t\t\t<h3 class=\"elementor-heading-title elementor-size-default\">\u6c14\u96fe\u5242\u7f50\u53d7\u7279\u6b8a\u89c4\u5b9a\u7684\u9650\u5236\uff0c\u6211\u4eec\u4e0d\u80fd\u5c06\u5176\u8fd0\u9001\u5230\u4ee5\u4e0b\u5730\u533a\uff1a \n<\/h3>\t\t\t\t<\/div>\n\t\t\t\t<\/div>\n\t\t\t\t<div class=\"elementor-element elementor-element-a6a1b85 elementor-widget elementor-widget-text-editor\" data-id=\"a6a1b85\" data-element_type=\"widget\" data-e-type=\"widget\" data-widget_type=\"text-editor.default\">\n\t\t\t\t<div class=\"elementor-widget-container\">\n\t\t\t\t\t\t\t\t\t<p><strong>\u963f\u5c14\u5df4\u5c3c\u4e9a\u3001\u9ed1\u5c71\u3001\u6cd5\u7f57\u7fa4\u5c9b\u3001\u5df4\u5229\u963f\u91cc\u7fa4\u5c9b\u3001\u52a0\u90a3\u5229\u7fa4\u5c9b\u3001\u4f11\u8fbe\u3001\u6885\u5229\u5229\u4e9a\u3001\u76f4\u5e03\u7f57\u9640\u3001\u51b0\u5c9b\u3001\u82ac\u5170\u3001\u6ce2\u65af\u5c3c\u4e9a-\u9ed1\u585e\u54e5\u7ef4\u90a3\u3001\u7231\u5c14\u5170\u3001\u571f\u8033\u5176\u3001\u897f\u897f\u91cc\u5c9b\u3001\u6492\u4e01\u5c9b\u3001\u585e\u6d66\u8def\u65af\u3001\u632a\u5a01\u3001\u9a6c\u5176\u987f\u3001\u9a6c\u5fb7\u62c9\u3001\u9a6c\u8033\u4ed6\u3001\u745e\u5178\u3002<\/strong><\/p>\t\t\t\t\t\t\t\t<\/div>\n\t\t\t\t<\/div>\n\t\t\t\t<div class=\"elementor-element elementor-element-061f49c elementor-widget elementor-widget-text-editor\" data-id=\"061f49c\" data-element_type=\"widget\" data-e-type=\"widget\" data-widget_type=\"text-editor.default\">\n\t\t\t\t<div class=\"elementor-widget-container\">\n\t\t\t\t\t\t\t\t\t<p>\u5982\u679c\u60a8\u7684\u8ba2\u5355\u53d7\u5230\u5f71\u54cd\uff0c\u53ea\u9700 <strong>\u6e05\u9664\u6c14\u96fe\u5242\u7f50<\/strong> \u5e76\u5237\u65b0\u6b64\u9875\u9762\u4ee5\u9a8c\u8bc1\u60a8\u7684\u8d2d\u7269\u7bee\u3002<\/p>\t\t\t\t\t\t\t\t<\/div>\n\t\t\t\t<\/div>\n\t\t\t\t<div class=\"elementor-element elementor-element-4e2a51d elementor-align-center elementor-widget elementor-widget-button\" data-id=\"4e2a51d\" data-element_type=\"widget\" data-e-type=\"widget\" data-widget_type=\"button.default\">\n\t\t\t\t<div class=\"elementor-widget-container\">\n\t\t\t\t\t\t\t\t\t<div class=\"elementor-button-wrapper\">\n\t\t\t\t\t<a class=\"elementor-button elementor-button-link elementor-size-sm\" href=\"https:\/\/sushi-robots.eu\/zh\/%e8%81%94%e7%b3%bb\/\">\n\t\t\t\t\t\t<span class=\"elementor-button-content-wrapper\">\n\t\t\t\t\t\t\t\t\t<span class=\"elementor-button-text\">\u8054\u7cfb\u6211\u4eec<\/span>\n\t\t\t\t\t<\/span>\n\t\t\t\t\t<\/a>\n\t\t\t\t<\/div>\n\t\t\t\t\t\t\t\t<\/div>\n\t\t\t\t<\/div>\n\t\t\t\t<\/div>\n\t\t\t\t\t<\/div>\n\t\t\t\t<\/div>\n\t\t\t\t\t<\/div>\n\t\t\t\t<\/div>\n\t\t\t\t<\/div>","protected":false},"excerpt":{"rendered":"<p>Commande Les bombes a\u00e9rosols sont soumises \u00e0 une r\u00e9glementation particuli\u00e8re qui nous emp\u00eache de les livrer dans les territoires suivants : Albanie, Mont\u00e9n\u00e9gro, \u00celes F\u00e9ro\u00e9s, \u00celes Bal\u00e9ares, \u00celes Canaries, Ceuta, Melilla, Gibraltar, Islande, Finlande, Bosnie Herz\u00e9govine, Irlande, Turquie, Sicile, Sardaigne, Chypre, Norv\u00e8ge, Mac\u00e9doine, \u00cele de Mad\u00e8re, Malte, Su\u00e8de. Si votre commande est concern\u00e9e il vous [&hellip;]<\/p>\n","protected":false},"author":1,"featured_media":0,"parent":0,"menu_order":0,"comment_status":"closed","ping_status":"closed","template":"","meta":{"_acf_changed":false,"footnotes":""},"class_list":["post-55","page","type-page","status-publish","hentry"],"acf":[],"yoast_head":"<!-- This site is optimized with the Yoast SEO plugin v27.4 - https:\/\/yoast.com\/product\/yoast-seo-wordpress\/ -->\n<title>Validation de la commande - Sushi Robots<\/title>\n<meta name=\"robots\" content=\"index, follow, max-snippet:-1, max-image-preview:large, max-video-preview:-1\" \/>\n<link rel=\"canonical\" href=\"https:\/\/sushi-robots.eu\/zh\/\u8ba2\u5355\/\" \/>\n<meta property=\"og:locale\" content=\"zh_CN\" \/>\n<meta property=\"og:type\" content=\"article\" \/>\n<meta property=\"og:title\" content=\"Validation de la commande - Sushi Robots\" \/>\n<meta property=\"og:description\" content=\"Commande Les bombes a\u00e9rosols sont soumises \u00e0 une r\u00e9glementation particuli\u00e8re qui nous emp\u00eache de les livrer dans les territoires suivants : Albanie, Mont\u00e9n\u00e9gro, \u00celes F\u00e9ro\u00e9s, \u00celes Bal\u00e9ares, \u00celes Canaries, Ceuta, Melilla, Gibraltar, Islande, Finlande, Bosnie Herz\u00e9govine, Irlande, Turquie, Sicile, Sardaigne, Chypre, Norv\u00e8ge, Mac\u00e9doine, \u00cele de Mad\u00e8re, Malte, Su\u00e8de. Si votre commande est concern\u00e9e il vous [&hellip;]\" \/>\n<meta property=\"og:url\" content=\"https:\/\/sushi-robots.eu\/zh\/\u8ba2\u5355\/\" \/>\n<meta property=\"og:site_name\" content=\"Sushi Robots\" \/>\n<meta property=\"article:modified_time\" content=\"2023-09-20T09:05:16+00:00\" \/>\n<meta property=\"og:image\" content=\"https:\/\/elegant-yonath.51-15-217-141.plesk.page\/wp-content\/plugins\/payplug\/\/assets\/images\/checkout\/logos_scheme_CB.svg\" \/>\n<meta name=\"twitter:card\" content=\"summary_large_image\" \/>\n<meta name=\"twitter:label1\" content=\"\u9884\u8ba1\u9605\u8bfb\u65f6\u95f4\" \/>\n\t<meta name=\"twitter:data1\" content=\"28 \u5206\" \/>\n<script type=\"application\/ld+json\" class=\"yoast-schema-graph\">{\"@context\":\"https:\\\/\\\/schema.org\",\"@graph\":[{\"@type\":\"WebPage\",\"@id\":\"https:\\\/\\\/sushi-robots.eu\\\/commander\\\/\",\"url\":\"https:\\\/\\\/sushi-robots.eu\\\/commander\\\/\",\"name\":\"Validation de la commande - Sushi Robots\",\"isPartOf\":{\"@id\":\"https:\\\/\\\/sushi-robots.eu\\\/#website\"},\"primaryImageOfPage\":{\"@id\":\"https:\\\/\\\/sushi-robots.eu\\\/commander\\\/#primaryimage\"},\"image\":{\"@id\":\"https:\\\/\\\/sushi-robots.eu\\\/commander\\\/#primaryimage\"},\"thumbnailUrl\":\"https:\\\/\\\/elegant-yonath.51-15-217-141.plesk.page\\\/wp-content\\\/plugins\\\/payplug\\\/\\\/assets\\\/images\\\/checkout\\\/logos_scheme_CB.svg\",\"datePublished\":\"2023-01-27T10:19:38+00:00\",\"dateModified\":\"2023-09-20T09:05:16+00:00\",\"breadcrumb\":{\"@id\":\"https:\\\/\\\/sushi-robots.eu\\\/commander\\\/#breadcrumb\"},\"inLanguage\":\"zh-Hans\",\"potentialAction\":[{\"@type\":\"ReadAction\",\"target\":[\"https:\\\/\\\/sushi-robots.eu\\\/commander\\\/\"]}]},{\"@type\":\"ImageObject\",\"inLanguage\":\"zh-Hans\",\"@id\":\"https:\\\/\\\/sushi-robots.eu\\\/commander\\\/#primaryimage\",\"url\":\"https:\\\/\\\/elegant-yonath.51-15-217-141.plesk.page\\\/wp-content\\\/plugins\\\/payplug\\\/\\\/assets\\\/images\\\/checkout\\\/logos_scheme_CB.svg\",\"contentUrl\":\"https:\\\/\\\/elegant-yonath.51-15-217-141.plesk.page\\\/wp-content\\\/plugins\\\/payplug\\\/\\\/assets\\\/images\\\/checkout\\\/logos_scheme_CB.svg\"},{\"@type\":\"BreadcrumbList\",\"@id\":\"https:\\\/\\\/sushi-robots.eu\\\/commander\\\/#breadcrumb\",\"itemListElement\":[{\"@type\":\"ListItem\",\"position\":1,\"name\":\"Accueil\",\"item\":\"https:\\\/\\\/sushi-robots.eu\\\/\"},{\"@type\":\"ListItem\",\"position\":2,\"name\":\"Validation de la commande\"}]},{\"@type\":\"WebSite\",\"@id\":\"https:\\\/\\\/sushi-robots.eu\\\/#website\",\"url\":\"https:\\\/\\\/sushi-robots.eu\\\/\",\"name\":\"Sushi Robots\",\"description\":\"\",\"publisher\":{\"@id\":\"https:\\\/\\\/sushi-robots.eu\\\/#organization\"},\"potentialAction\":[{\"@type\":\"SearchAction\",\"target\":{\"@type\":\"EntryPoint\",\"urlTemplate\":\"https:\\\/\\\/sushi-robots.eu\\\/?s={search_term_string}\"},\"query-input\":{\"@type\":\"PropertyValueSpecification\",\"valueRequired\":true,\"valueName\":\"search_term_string\"}}],\"inLanguage\":\"zh-Hans\"},{\"@type\":\"Organization\",\"@id\":\"https:\\\/\\\/sushi-robots.eu\\\/#organization\",\"name\":\"Sushi Robots\",\"url\":\"https:\\\/\\\/sushi-robots.eu\\\/\",\"logo\":{\"@type\":\"ImageObject\",\"inLanguage\":\"zh-Hans\",\"@id\":\"https:\\\/\\\/sushi-robots.eu\\\/#\\\/schema\\\/logo\\\/image\\\/\",\"url\":\"https:\\\/\\\/sushi-robots.eu\\\/wp-content\\\/uploads\\\/2023\\\/02\\\/Logo-Sushi-Robots-White-Green-1.png\",\"contentUrl\":\"https:\\\/\\\/sushi-robots.eu\\\/wp-content\\\/uploads\\\/2023\\\/02\\\/Logo-Sushi-Robots-White-Green-1.png\",\"width\":1000,\"height\":337,\"caption\":\"Sushi Robots\"},\"image\":{\"@id\":\"https:\\\/\\\/sushi-robots.eu\\\/#\\\/schema\\\/logo\\\/image\\\/\"}}]}<\/script>\n<!-- \/ Yoast SEO plugin. -->","yoast_head_json":{"title":"\u7ed3\u8d26 - \u5bff\u53f8\u673a\u5668\u4eba","robots":{"index":"index","follow":"follow","max-snippet":"max-snippet:-1","max-image-preview":"max-image-preview:large","max-video-preview":"max-video-preview:-1"},"canonical":"https:\/\/sushi-robots.eu\/zh\/\u8ba2\u5355\/","og_locale":"zh_CN","og_type":"article","og_title":"Validation de la commande - Sushi Robots","og_description":"Commande Les bombes a\u00e9rosols sont soumises \u00e0 une r\u00e9glementation particuli\u00e8re qui nous emp\u00eache de les livrer dans les territoires suivants : Albanie, Mont\u00e9n\u00e9gro, \u00celes F\u00e9ro\u00e9s, \u00celes Bal\u00e9ares, \u00celes Canaries, Ceuta, Melilla, Gibraltar, Islande, Finlande, Bosnie Herz\u00e9govine, Irlande, Turquie, Sicile, Sardaigne, Chypre, Norv\u00e8ge, Mac\u00e9doine, \u00cele de Mad\u00e8re, Malte, Su\u00e8de. Si votre commande est concern\u00e9e il vous [&hellip;]","og_url":"https:\/\/sushi-robots.eu\/zh\/\u8ba2\u5355\/","og_site_name":"Sushi Robots","article_modified_time":"2023-09-20T09:05:16+00:00","og_image":[{"url":"https:\/\/elegant-yonath.51-15-217-141.plesk.page\/wp-content\/plugins\/payplug\/\/assets\/images\/checkout\/logos_scheme_CB.svg","type":"","width":"","height":""}],"twitter_card":"summary_large_image","twitter_misc":{"\u9884\u8ba1\u9605\u8bfb\u65f6\u95f4":"28 \u5206"},"schema":{"@context":"https:\/\/schema.org","@graph":[{"@type":"WebPage","@id":"https:\/\/sushi-robots.eu\/commander\/","url":"https:\/\/sushi-robots.eu\/commander\/","name":"\u7ed3\u8d26 - \u5bff\u53f8\u673a\u5668\u4eba","isPartOf":{"@id":"https:\/\/sushi-robots.eu\/#website"},"primaryImageOfPage":{"@id":"https:\/\/sushi-robots.eu\/commander\/#primaryimage"},"image":{"@id":"https:\/\/sushi-robots.eu\/commander\/#primaryimage"},"thumbnailUrl":"https:\/\/elegant-yonath.51-15-217-141.plesk.page\/wp-content\/plugins\/payplug\/\/assets\/images\/checkout\/logos_scheme_CB.svg","datePublished":"2023-01-27T10:19:38+00:00","dateModified":"2023-09-20T09:05:16+00:00","breadcrumb":{"@id":"https:\/\/sushi-robots.eu\/commander\/#breadcrumb"},"inLanguage":"zh-Hans","potentialAction":[{"@type":"ReadAction","target":["https:\/\/sushi-robots.eu\/commander\/"]}]},{"@type":"ImageObject","inLanguage":"zh-Hans","@id":"https:\/\/sushi-robots.eu\/commander\/#primaryimage","url":"https:\/\/elegant-yonath.51-15-217-141.plesk.page\/wp-content\/plugins\/payplug\/\/assets\/images\/checkout\/logos_scheme_CB.svg","contentUrl":"https:\/\/elegant-yonath.51-15-217-141.plesk.page\/wp-content\/plugins\/payplug\/\/assets\/images\/checkout\/logos_scheme_CB.svg"},{"@type":"BreadcrumbList","@id":"https:\/\/sushi-robots.eu\/commander\/#breadcrumb","itemListElement":[{"@type":"ListItem","position":1,"name":"Accueil","item":"https:\/\/sushi-robots.eu\/"},{"@type":"ListItem","position":2,"name":"Validation de la commande"}]},{"@type":"WebSite","@id":"https:\/\/sushi-robots.eu\/#website","url":"https:\/\/sushi-robots.eu\/","name":"\u5bff\u53f8\u673a\u5668\u4eba","description":"","publisher":{"@id":"https:\/\/sushi-robots.eu\/#organization"},"potentialAction":[{"@type":"SearchAction","target":{"@type":"EntryPoint","urlTemplate":"https:\/\/sushi-robots.eu\/?s={search_term_string}"},"query-input":{"@type":"PropertyValueSpecification","valueRequired":true,"valueName":"search_term_string"}}],"inLanguage":"zh-Hans"},{"@type":"Organization","@id":"https:\/\/sushi-robots.eu\/#organization","name":"\u5bff\u53f8\u673a\u5668\u4eba","url":"https:\/\/sushi-robots.eu\/","logo":{"@type":"ImageObject","inLanguage":"zh-Hans","@id":"https:\/\/sushi-robots.eu\/#\/schema\/logo\/image\/","url":"https:\/\/sushi-robots.eu\/wp-content\/uploads\/2023\/02\/Logo-Sushi-Robots-White-Green-1.png","contentUrl":"https:\/\/sushi-robots.eu\/wp-content\/uploads\/2023\/02\/Logo-Sushi-Robots-White-Green-1.png","width":1000,"height":337,"caption":"Sushi Robots"},"image":{"@id":"https:\/\/sushi-robots.eu\/#\/schema\/logo\/image\/"}}]}},"_links":{"self":[{"href":"https:\/\/sushi-robots.eu\/zh\/wp-json\/wp\/v2\/pages\/55","targetHints":{"allow":["GET"]}}],"collection":[{"href":"https:\/\/sushi-robots.eu\/zh\/wp-json\/wp\/v2\/pages"}],"about":[{"href":"https:\/\/sushi-robots.eu\/zh\/wp-json\/wp\/v2\/types\/page"}],"author":[{"embeddable":true,"href":"https:\/\/sushi-robots.eu\/zh\/wp-json\/wp\/v2\/users\/1"}],"replies":[{"embeddable":true,"href":"https:\/\/sushi-robots.eu\/zh\/wp-json\/wp\/v2\/comments?post=55"}],"version-history":[{"count":45,"href":"https:\/\/sushi-robots.eu\/zh\/wp-json\/wp\/v2\/pages\/55\/revisions"}],"predecessor-version":[{"id":5114,"href":"https:\/\/sushi-robots.eu\/zh\/wp-json\/wp\/v2\/pages\/55\/revisions\/5114"}],"wp:attachment":[{"href":"https:\/\/sushi-robots.eu\/zh\/wp-json\/wp\/v2\/media?parent=55"}],"curies":[{"name":"wp","href":"https:\/\/api.w.org\/{rel}","templated":true}]}}